{"id":886,"date":"2020-01-06T15:50:32","date_gmt":"2020-01-06T14:50:32","guid":{"rendered":"https:\/\/benboase.be\/confidentialite\/"},"modified":"2025-11-26T12:05:08","modified_gmt":"2025-11-26T11:05:08","slug":"confidentialite","status":"publish","type":"page","link":"https:\/\/benboase.be\/fr\/confidentialite\/","title":{"rendered":"Confidentialit\u00e9"},"content":{"rendered":"\t\t<div data-elementor-type=\"wp-page\" data-elementor-id=\"886\" class=\"elementor elementor-886 elementor-62\" data-elementor-post-type=\"page\">\n\t\t\t\t<div class=\"elementor-element elementor-element-6647d9e e-flex e-con-boxed e-con e-parent\" data-id=\"6647d9e\" data-element_type=\"container\" data-settings=\"{&quot;background_background&quot;:&quot;classic&quot;}\">\n\t\t\t\t\t<div class=\"e-con-inner\">\n\t\t\t\t\t<\/div>\n\t\t\t\t<\/div>\n\t\t<div class=\"elementor-element elementor-element-5eafa4c e-flex e-con-boxed e-con e-parent\" data-id=\"5eafa4c\" data-element_type=\"container\">\n\t\t\t\t\t<div class=\"e-con-inner\">\n\t\t\t\t<div class=\"elementor-element elementor-element-2b3dfce elementor-widget elementor-widget-heading\" data-id=\"2b3dfce\" data-element_type=\"widget\" data-widget_type=\"heading.default\">\n\t\t\t\t<div class=\"elementor-widget-container\">\n\t\t\t\t\t<h1 class=\"elementor-heading-title elementor-size-default\">Politique de confidentialit\u00e9<\/h1>\t\t\t\t<\/div>\n\t\t\t\t<\/div>\n\t\t\t\t<div class=\"elementor-element elementor-element-6bfa4c8 elementor-widget elementor-widget-text-editor\" data-id=\"6bfa4c8\" data-element_type=\"widget\" data-widget_type=\"text-editor.default\">\n\t\t\t\t<div class=\"elementor-widget-container\">\n\t\t\t\t\t\t\t\t\t<div class=\"wp-block-siteorigin-panels-layout-block\">\n<div id=\"pl-62\" class=\"panel-layout\">\n<div id=\"pg-62-0\" class=\"panel-grid panel-has-style\">\n<div class=\"rij1_privacy rij1 panel-row-style panel-row-style-for-62-0\">\n<div id=\"pgc-62-0-0\" class=\"panel-grid-cell\">\n<div id=\"panel-62-0-0-0\" class=\"so-panel widget widget_sow-editor panel-first-child panel-last-child\" data-index=\"0\">\n<div class=\"so-widget-sow-editor so-widget-sow-editor-base\">\n<div class=\"siteorigin-widget-tinymce textwidget\">\n<p data-start=\"210\" data-end=\"595\"><strong data-start=\"210\" data-end=\"222\">B&amp;B Oase<\/strong>, dont le si\u00e8ge social est situ\u00e9 \u00e0 <strong data-start=\"262\" data-end=\"303\">Zwaantje 17, 1840 Londerzeel-Malderen<\/strong>, s&#8217;engage \u00e0 respecter et \u00e0 appliquer scrupuleusement la l\u00e9gislation europ\u00e9enne sur la protection de la vie priv\u00e9e RGPD (R\u00e8glement G\u00e9n\u00e9ral sur la Protection des Donn\u00e9es)\u00b9 pour la protection des donn\u00e9es personnelles. Cette r\u00e9glementation est en vigueur depuis le 25 mai 2018. Les donn\u00e9es personnelles sont trait\u00e9es conform\u00e9ment \u00e0 cette l\u00e9gislation.  <\/p>\n<hr data-start=\"597\" data-end=\"600\">\n<h3 data-start=\"602\" data-end=\"622\">Votre consentement<\/h3>\n<p data-start=\"623\" data-end=\"1174\">B&amp;B Oase ne traite les donn\u00e9es personnelles que pour satisfaire \u00e0 une obligation l\u00e9gale ou si celles-ci ont \u00e9t\u00e9 fournies pour l&#8217;ex\u00e9cution d&#8217;un contrat. Tu donnes ainsi express\u00e9ment \u00e0 B&amp;B Oase l&#8217;autorisation de traiter tes donn\u00e9es personnelles aux fins pr\u00e9vues. Les donn\u00e9es personnelles ne sont trait\u00e9es que dans des environnements et syst\u00e8mes s\u00e9curis\u00e9s qui ne sont pas accessibles au public. Tous nos collaborateurs re\u00e7oivent des directives claires et sont sensibilis\u00e9s et conscientis\u00e9s sur la manipulation et le traitement des donn\u00e9es personnelles.   <\/p>\n<hr data-start=\"1176\" data-end=\"1179\">\n<h3 data-start=\"1181\" data-end=\"1223\">Utilisation de vos donn\u00e9es personnelles<\/h3>\n<p data-start=\"1224\" data-end=\"1250\">B&amp;B Oase garantit que :<\/p>\n<ul data-start=\"1251\" data-end=\"2067\">\n<li data-start=\"1251\" data-end=\"1404\">\n<p data-start=\"1253\" data-end=\"1404\">vos donn\u00e9es personnelles ne sont collect\u00e9es et trait\u00e9es que pour ex\u00e9cuter la mission que vous avez demand\u00e9e ou pour satisfaire \u00e0 un service l\u00e9gal ;<\/p>\n<\/li>\n<li data-start=\"1405\" data-end=\"1494\">\n<p data-start=\"1407\" data-end=\"1494\">vos donn\u00e9es personnelles ne sont trait\u00e9es que dans un pays appartenant \u00e0 l&#8217;Union europ\u00e9enne ;<\/p>\n<\/li>\n<li data-start=\"1495\" data-end=\"1580\">\n<p data-start=\"1497\" data-end=\"1580\">le traitement de vos donn\u00e9es personnelles reste limit\u00e9 \u00e0 l&#8217;objectif vis\u00e9 ;<\/p>\n<\/li>\n<li data-start=\"1581\" data-end=\"1729\">\n<p data-start=\"1583\" data-end=\"1729\">vos donn\u00e9es personnelles ne sont conserv\u00e9es que pendant la p\u00e9riode de prestation de services, sauf si une p\u00e9riode de conservation l\u00e9gale plus longue est obligatoire ;<\/p>\n<\/li>\n<li data-start=\"1730\" data-end=\"1930\">\n<p data-start=\"1732\" data-end=\"1930\">vos donn\u00e9es personnelles ne peuvent \u00eatre transmises \u00e0 d&#8217;autres organisations que pour satisfaire \u00e0 des obligations l\u00e9gales ou sur demande expresse d&#8217;instances judiciaires ou de services de police ;<\/p>\n<\/li>\n<li data-start=\"1931\" data-end=\"2067\">\n<p data-start=\"1933\" data-end=\"2067\">dans aucun autre cas vos donn\u00e9es personnelles ne sont transmises \u00e0 des tiers, ni utilis\u00e9es \u00e0 des fins de marketing direct.<\/p>\n<\/li>\n<\/ul>\n<hr data-start=\"2069\" data-end=\"2072\">\n<h3 data-start=\"2074\" data-end=\"2105\">Vos droits en tant que personne concern\u00e9e<\/h3>\n<p data-start=\"2106\" data-end=\"2506\">Tu as toujours le droit l\u00e9gal de consulter tes donn\u00e9es personnelles.<br data-start=\"2177\" data-end=\"2180\">Tu as aussi le droit de compl\u00e9ter ou de corriger tes donn\u00e9es personnelles en tout ou en partie. Si B&amp;B Oase n&#8217;a plus de raison l\u00e9gale de continuer \u00e0 traiter tes donn\u00e9es, ou si tes donn\u00e9es ne sont plus n\u00e9cessaires pour la prestation de services, alors tu as le droit de faire supprimer tes donn\u00e9es personnelles. <\/p>\n<hr data-start=\"2508\" data-end=\"2511\">\n<h3 data-start=\"2513\" data-end=\"2565\">Questions concernant le traitement des donn\u00e9es personnelles<\/h3>\n<p data-start=\"2566\" data-end=\"2721\">Les questions concernant le traitement de vos donn\u00e9es personnelles ou les demandes relatives aux donn\u00e9es que nous traitons pour vous peuvent \u00eatre adress\u00e9es au g\u00e9rant.<br data-start=\"2708\" data-end=\"2711\">Ceci peut se faire :<\/p>\n<ul data-start=\"2722\" data-end=\"2822\">\n<li data-start=\"2722\" data-end=\"2787\">\n<p data-start=\"2724\" data-end=\"2787\">par courrier : <strong data-start=\"2734\" data-end=\"2785\">B&amp;B Oase, Zwaantje 17, 1840 Londerzeel-Malderen<\/strong><\/p>\n<\/li>\n<li data-start=\"2788\" data-end=\"2822\">\n<p data-start=\"2790\" data-end=\"2822\">par e-mail : <strong data-start=\"2802\" data-end=\"2822\"><a class=\"decorated-link cursor-pointer\" rel=\"noopener\" data-start=\"2804\" data-end=\"2820\">info@benboase.be<\/a><\/strong><\/p>\n<\/li>\n<\/ul>\n<p data-start=\"2824\" data-end=\"2912\">Nous nous engageons \u00e0 r\u00e9pondre \u00e0 votre question ou demande dans les 20 jours ouvrables.<\/p>\n<p data-start=\"2914\" data-end=\"3190\">Si vous estimez que vos donn\u00e9es sont trait\u00e9es de mani\u00e8re ill\u00e9gale, vous pouvez toujours contacter la <strong data-start=\"3023\" data-end=\"3095\">CBPL (Commission pour la Protection de la Vie Priv\u00e9e)<\/strong>, \u00e9galement appel\u00e9e Commission de la vie priv\u00e9e, via l&#8217;adresse e-mail <strong data-start=\"3154\" data-end=\"3189\"><a class=\"decorated-link cursor-pointer\" rel=\"noopener\" data-start=\"3156\" data-end=\"3187\">commission@privacycommission.be<\/a><\/strong>.<\/p>\n<hr data-start=\"3192\" data-end=\"3195\">\n<p data-start=\"3197\" data-end=\"3434\">\u00b9 R\u00e8glement (UE) 2016\/679 du Parlement europ\u00e9en et du Conseil du 27 avril 2016 relatif \u00e0 la protection des personnes physiques \u00e0 l&#8217;\u00e9gard du traitement des donn\u00e9es \u00e0 caract\u00e8re personnel et \u00e0 la libre circulation de ces donn\u00e9es.<\/p>\n<\/div>\n<\/div>\n<\/div>\n<\/div>\n<\/div>\n<\/div>\n<\/div>\n<\/div>\n<p><\/p>\t\t\t\t\t\t\t\t<\/div>\n\t\t\t\t<\/div>\n\t\t\t\t\t<\/div>\n\t\t\t\t<\/div>\n\t\t\t\t<\/div>\n\t\t","protected":false},"excerpt":{"rendered":"<p>Politique de confidentialit\u00e9 B&amp;B Oase, dont le si\u00e8ge social est situ\u00e9 \u00e0 Zwaantje 17, 1840 Londerzeel-Malderen, s&#8217;engage \u00e0 respecter et \u00e0 appliquer scrupuleusement la l\u00e9gislation europ\u00e9enne sur la protection de la vie priv\u00e9e RGPD (R\u00e8glement G\u00e9n\u00e9ral sur la Protection des Donn\u00e9es)\u00b9 pour la protection des donn\u00e9es personnelles. Cette r\u00e9glementation est en vigueur depuis le 25 [&hellip;]<\/p>\n","protected":false},"author":4,"featured_media":0,"parent":0,"menu_order":0,"comment_status":"closed","ping_status":"closed","template":"","meta":{"footnotes":""},"class_list":["post-886","page","type-page","status-publish","hentry"],"yoast_head":"<!-- This site is optimized with the Yoast SEO plugin v26.2 - https:\/\/yoast.com\/wordpress\/plugins\/seo\/ -->\n<title>Confidentialit\u00e9 - B&amp;B Oase<\/title>\n<meta name=\"robots\" content=\"index, follow, max-snippet:-1, max-image-preview:large, max-video-preview:-1\" \/>\n<link rel=\"canonical\" href=\"https:\/\/benboase.be\/fr\/confidentialite\/\" \/>\n<meta property=\"og:locale\" content=\"fr_FR\" \/>\n<meta property=\"og:type\" content=\"article\" \/>\n<meta property=\"og:title\" content=\"Confidentialit\u00e9 - B&amp;B Oase\" \/>\n<meta property=\"og:description\" content=\"Politique de confidentialit\u00e9 B&amp;B Oase, dont le si\u00e8ge social est situ\u00e9 \u00e0 Zwaantje 17, 1840 Londerzeel-Malderen, s&#8217;engage \u00e0 respecter et \u00e0 appliquer scrupuleusement la l\u00e9gislation europ\u00e9enne sur la protection de la vie priv\u00e9e RGPD (R\u00e8glement G\u00e9n\u00e9ral sur la Protection des Donn\u00e9es)\u00b9 pour la protection des donn\u00e9es personnelles. Cette r\u00e9glementation est en vigueur depuis le 25 [&hellip;]\" \/>\n<meta property=\"og:url\" content=\"https:\/\/benboase.be\/fr\/confidentialite\/\" \/>\n<meta property=\"og:site_name\" content=\"B&amp;B Oase\" \/>\n<meta property=\"article:modified_time\" content=\"2025-11-26T11:05:08+00:00\" \/>\n<meta name=\"twitter:card\" content=\"summary_large_image\" \/>\n<meta name=\"twitter:label1\" content=\"Dur\u00e9e de lecture estim\u00e9e\" \/>\n\t<meta name=\"twitter:data1\" content=\"3 minutes\" \/>\n<script type=\"application\/ld+json\" class=\"yoast-schema-graph\">{\"@context\":\"https:\/\/schema.org\",\"@graph\":[{\"@type\":\"WebPage\",\"@id\":\"https:\/\/benboase.be\/fr\/confidentialite\/\",\"url\":\"https:\/\/benboase.be\/fr\/confidentialite\/\",\"name\":\"Confidentialit\u00e9 - B&amp;B Oase\",\"isPartOf\":{\"@id\":\"https:\/\/benboase.be\/fr\/#website\"},\"datePublished\":\"2020-01-06T14:50:32+00:00\",\"dateModified\":\"2025-11-26T11:05:08+00:00\",\"breadcrumb\":{\"@id\":\"https:\/\/benboase.be\/fr\/confidentialite\/#breadcrumb\"},\"inLanguage\":\"fr-FR\",\"potentialAction\":[{\"@type\":\"ReadAction\",\"target\":[\"https:\/\/benboase.be\/fr\/confidentialite\/\"]}]},{\"@type\":\"BreadcrumbList\",\"@id\":\"https:\/\/benboase.be\/fr\/confidentialite\/#breadcrumb\",\"itemListElement\":[{\"@type\":\"ListItem\",\"position\":1,\"name\":\"Accueil\",\"item\":\"https:\/\/benboase.be\/fr\/accueil\/\"},{\"@type\":\"ListItem\",\"position\":2,\"name\":\"Confidentialit\u00e9\"}]},{\"@type\":\"WebSite\",\"@id\":\"https:\/\/benboase.be\/fr\/#website\",\"url\":\"https:\/\/benboase.be\/fr\/\",\"name\":\"B&amp;B Oase\",\"description\":\"\",\"potentialAction\":[{\"@type\":\"SearchAction\",\"target\":{\"@type\":\"EntryPoint\",\"urlTemplate\":\"https:\/\/benboase.be\/fr\/?s={search_term_string}\"},\"query-input\":{\"@type\":\"PropertyValueSpecification\",\"valueRequired\":true,\"valueName\":\"search_term_string\"}}],\"inLanguage\":\"fr-FR\"}]}<\/script>\n<!-- \/ Yoast SEO plugin. -->","yoast_head_json":{"title":"Confidentialit\u00e9 - B&amp;B Oase","robots":{"index":"index","follow":"follow","max-snippet":"max-snippet:-1","max-image-preview":"max-image-preview:large","max-video-preview":"max-video-preview:-1"},"canonical":"https:\/\/benboase.be\/fr\/confidentialite\/","og_locale":"fr_FR","og_type":"article","og_title":"Confidentialit\u00e9 - B&amp;B Oase","og_description":"Politique de confidentialit\u00e9 B&amp;B Oase, dont le si\u00e8ge social est situ\u00e9 \u00e0 Zwaantje 17, 1840 Londerzeel-Malderen, s&#8217;engage \u00e0 respecter et \u00e0 appliquer scrupuleusement la l\u00e9gislation europ\u00e9enne sur la protection de la vie priv\u00e9e RGPD (R\u00e8glement G\u00e9n\u00e9ral sur la Protection des Donn\u00e9es)\u00b9 pour la protection des donn\u00e9es personnelles. Cette r\u00e9glementation est en vigueur depuis le 25 [&hellip;]","og_url":"https:\/\/benboase.be\/fr\/confidentialite\/","og_site_name":"B&amp;B Oase","article_modified_time":"2025-11-26T11:05:08+00:00","twitter_card":"summary_large_image","twitter_misc":{"Dur\u00e9e de lecture estim\u00e9e":"3 minutes"},"schema":{"@context":"https:\/\/schema.org","@graph":[{"@type":"WebPage","@id":"https:\/\/benboase.be\/fr\/confidentialite\/","url":"https:\/\/benboase.be\/fr\/confidentialite\/","name":"Confidentialit\u00e9 - B&amp;B Oase","isPartOf":{"@id":"https:\/\/benboase.be\/fr\/#website"},"datePublished":"2020-01-06T14:50:32+00:00","dateModified":"2025-11-26T11:05:08+00:00","breadcrumb":{"@id":"https:\/\/benboase.be\/fr\/confidentialite\/#breadcrumb"},"inLanguage":"fr-FR","potentialAction":[{"@type":"ReadAction","target":["https:\/\/benboase.be\/fr\/confidentialite\/"]}]},{"@type":"BreadcrumbList","@id":"https:\/\/benboase.be\/fr\/confidentialite\/#breadcrumb","itemListElement":[{"@type":"ListItem","position":1,"name":"Accueil","item":"https:\/\/benboase.be\/fr\/accueil\/"},{"@type":"ListItem","position":2,"name":"Confidentialit\u00e9"}]},{"@type":"WebSite","@id":"https:\/\/benboase.be\/fr\/#website","url":"https:\/\/benboase.be\/fr\/","name":"B&amp;B Oase","description":"","potentialAction":[{"@type":"SearchAction","target":{"@type":"EntryPoint","urlTemplate":"https:\/\/benboase.be\/fr\/?s={search_term_string}"},"query-input":{"@type":"PropertyValueSpecification","valueRequired":true,"valueName":"search_term_string"}}],"inLanguage":"fr-FR"}]}},"_links":{"self":[{"href":"https:\/\/benboase.be\/fr\/wp-json\/wp\/v2\/pages\/886","targetHints":{"allow":["GET"]}}],"collection":[{"href":"https:\/\/benboase.be\/fr\/wp-json\/wp\/v2\/pages"}],"about":[{"href":"https:\/\/benboase.be\/fr\/wp-json\/wp\/v2\/types\/page"}],"author":[{"embeddable":true,"href":"https:\/\/benboase.be\/fr\/wp-json\/wp\/v2\/users\/4"}],"replies":[{"embeddable":true,"href":"https:\/\/benboase.be\/fr\/wp-json\/wp\/v2\/comments?post=886"}],"version-history":[{"count":6,"href":"https:\/\/benboase.be\/fr\/wp-json\/wp\/v2\/pages\/886\/revisions"}],"predecessor-version":[{"id":1152,"href":"https:\/\/benboase.be\/fr\/wp-json\/wp\/v2\/pages\/886\/revisions\/1152"}],"wp:attachment":[{"href":"https:\/\/benboase.be\/fr\/wp-json\/wp\/v2\/media?parent=886"}],"curies":[{"name":"wp","href":"https:\/\/api.w.org\/{rel}","templated":true}]}}