{"id":869,"date":"2019-01-08T15:31:43","date_gmt":"2019-01-08T14:31:43","guid":{"rendered":"https:\/\/benboase.be\/contact\/"},"modified":"2026-04-20T09:40:19","modified_gmt":"2026-04-20T07:40:19","slug":"contact","status":"publish","type":"page","link":"https:\/\/benboase.be\/fr\/contact\/","title":{"rendered":"Contact"},"content":{"rendered":"\t\t<div data-elementor-type=\"wp-page\" data-elementor-id=\"869\" class=\"elementor elementor-869 elementor-6\" data-elementor-post-type=\"page\">\n\t\t\t\t<div class=\"elementor-element elementor-element-1e02f9e e-flex e-con-boxed e-con e-parent\" data-id=\"1e02f9e\" data-element_type=\"container\" data-settings=\"{&quot;background_background&quot;:&quot;classic&quot;}\">\n\t\t\t\t\t<div class=\"e-con-inner\">\n\t\t<div class=\"elementor-element elementor-element-1845e14 e-con-full e-flex e-con e-child\" data-id=\"1845e14\" data-element_type=\"container\">\n\t\t\t\t<div class=\"elementor-element elementor-element-c7201b8 elementor-widget elementor-widget-heading\" data-id=\"c7201b8\" data-element_type=\"widget\" data-widget_type=\"heading.default\">\n\t\t\t\t<div class=\"elementor-widget-container\">\n\t\t\t\t\t<h1 class=\"elementor-heading-title elementor-size-default\">Contacte <br>B&amp;B Oase<\/h1>\t\t\t\t<\/div>\n\t\t\t\t<\/div>\n\t\t\t\t<div class=\"elementor-element elementor-element-3223fbd elementor-absolute elementor-view-default elementor-widget elementor-widget-icon\" data-id=\"3223fbd\" data-element_type=\"widget\" data-settings=\"{&quot;_position&quot;:&quot;absolute&quot;}\" data-widget_type=\"icon.default\">\n\t\t\t\t<div class=\"elementor-widget-container\">\n\t\t\t\t\t\t\t<div class=\"elementor-icon-wrapper\">\n\t\t\t<div class=\"elementor-icon\">\n\t\t\t<svg xmlns=\"http:\/\/www.w3.org\/2000\/svg\" width=\"32.407\" height=\"22.5\" viewBox=\"0 0 32.407 22.5\"><path id=\"Path_7\" data-name=\"Path 7\" d=\"M230.134,81.019l22.5,16.2-22.5,16.2Z\" transform=\"translate(113.426 -230.134) rotate(90)\" fill=\"#a5843a\"><\/path><\/svg>\t\t\t<\/div>\n\t\t<\/div>\n\t\t\t\t\t\t<\/div>\n\t\t\t\t<\/div>\n\t\t<div class=\"elementor-element elementor-element-279c681 e-con-full elementor-hidden-mobile e-flex e-con e-child\" data-id=\"279c681\" data-element_type=\"container\" data-settings=\"{&quot;position&quot;:&quot;absolute&quot;}\">\n\t\t\t\t<div class=\"elementor-element elementor-element-7b0dd8d elementor-widget__width-initial elementor-widget elementor-widget-text-editor\" data-id=\"7b0dd8d\" data-element_type=\"widget\" data-widget_type=\"text-editor.default\">\n\t\t\t\t<div class=\"elementor-widget-container\">\n\t\t\t\t\t\t\t\t\t<p>Votre oasis de tranquillit\u00e9 au c\u0153ur de la nature.<\/p>\t\t\t\t\t\t\t\t<\/div>\n\t\t\t\t<\/div>\n\t\t\t\t<\/div>\n\t\t\t\t<\/div>\n\t\t\t\t<div class=\"elementor-element elementor-element-d7c7031 elementor-absolute elementor-hidden-mobile elementor-icon-list--layout-traditional elementor-list-item-link-full_width elementor-widget elementor-widget-icon-list\" data-id=\"d7c7031\" data-element_type=\"widget\" data-settings=\"{&quot;_position&quot;:&quot;absolute&quot;}\" data-widget_type=\"icon-list.default\">\n\t\t\t\t<div class=\"elementor-widget-container\">\n\t\t\t\t\t\t\t<ul class=\"elementor-icon-list-items\">\n\t\t\t\t\t\t\t<li class=\"elementor-icon-list-item\">\n\t\t\t\t\t\t\t\t\t\t\t<span class=\"elementor-icon-list-icon\">\n\t\t\t\t\t\t\t<svg xmlns=\"http:\/\/www.w3.org\/2000\/svg\" width=\"51.31\" height=\"51\" viewBox=\"0 0 51.31 51\"><g id=\"Icon_fa-brands-facebook\" data-name=\"Icon fa-brands-facebook\" transform=\"translate(-0.563 -0.563)\" fill=\"none\"><path d=\"M51.873,26.218A25.655,25.655,0,1,0,22.209,51.563V33.634H15.692V26.218h6.517V20.565c0-6.429,3.828-9.981,9.69-9.981a39.483,39.483,0,0,1,5.743.5V17.4H34.407c-3.186,0-4.18,1.978-4.18,4.007v4.816h7.115L36.2,33.634H30.226V51.563A25.664,25.664,0,0,0,51.873,26.218Z\" stroke=\"none\"><\/path><path d=\"M 32.22629165649414 49.10322952270508 C 36.82537078857422 47.89586639404297 40.99065017700195 45.30657958984375 44.13467407226562 41.66298294067383 C 45.94908142089844 39.56026077270508 47.36569213867188 37.18395233154297 48.34516143798828 34.60005187988281 C 49.35885238647461 31.92587280273438 49.87284088134766 29.10563278198242 49.87284088134766 26.21767234802246 C 49.87284088134766 23.02239227294922 49.24782180786133 19.92415237426758 48.01513290405273 17.00900268554688 C 46.82408142089844 14.19230175018311 45.11848068237305 11.66243171691895 42.94570159912109 9.489642143249512 C 40.77292251586914 7.316862106323242 38.2430419921875 5.61126184463501 35.42635345458984 4.420211791992188 C 32.51120376586914 3.187521934509277 29.4129524230957 2.562501907348633 26.21767234802246 2.562501907348633 C 23.02239227294922 2.562501907348633 19.92415237426758 3.187521934509277 17.00900268554688 4.420211791992188 C 14.19230270385742 5.61126184463501 11.66243267059326 7.316862106323242 9.489642143249512 9.489642143249512 C 7.3168625831604 11.66243171691895 5.611262321472168 14.19230175018311 4.420212268829346 17.00900268554688 C 3.187522411346436 19.92415237426758 2.562502384185791 23.02239227294922 2.562502384185791 26.21767234802246 C 2.562502384185791 29.10563278198242 3.076492309570312 31.92587280273438 4.090182304382324 34.60005187988281 C 5.069652557373047 37.18395233154297 6.486262321472168 39.56026077270508 8.30067253112793 41.66298294067383 C 11.44469356536865 45.30657958984375 15.6099739074707 47.89586639404297 20.20905303955078 49.10322952270508 L 20.20905303955078 35.63388061523438 L 13.69181251525879 35.63388061523438 L 13.69181251525879 24.21767234802246 L 20.20905303955078 24.21767234802246 L 20.20905303955078 20.56526184082031 C 20.20905303955078 16.91499137878418 21.3265323638916 13.86688232421875 23.44068145751953 11.75047206878662 C 25.50961303710938 9.679322242736816 28.43447303771973 8.584571838378906 31.89905166625977 8.584571838378906 C 34.84212112426758 8.584571838378906 37.85204315185547 9.092122077941895 37.97873306274414 9.11373233795166 L 39.64250183105469 9.397472381591797 L 39.64250183105469 19.39560127258301 L 34.40664291381836 19.39560127258301 C 33.54669189453125 19.39560127258301 32.95046234130859 19.58087158203125 32.634521484375 19.94626235961914 C 32.27933120727539 20.3570613861084 32.22629165649414 21.03476142883301 32.22629165649414 21.40216255187988 L 32.22629165649414 24.21767234802246 L 39.6717414855957 24.21767234802246 L 37.92006301879883 35.63388061523438 L 32.22629165649414 35.63388061523438 L 32.22629165649414 49.10322952270508 M 30.22629165649414 51.5625 L 30.22629165649414 33.63388061523438 L 36.20353317260742 33.63388061523438 L 37.34146118164062 26.21767234802246 L 30.22629165649414 26.21767234802246 L 30.22629165649414 21.40216255187988 C 30.22629165649414 19.37353134155273 31.22043228149414 17.39560127258301 34.40664291381836 17.39560127258301 L 37.64250183105469 17.39560127258301 L 37.64250183105469 11.08526229858398 C 37.64250183105469 11.08526229858398 34.70664215087891 10.58457183837891 31.89905166625977 10.58457183837891 C 26.03664207458496 10.58457183837891 22.20905303955078 14.13595199584961 22.20905303955078 20.56526184082031 L 22.20905303955078 26.21767234802246 L 15.69181251525879 26.21767234802246 L 15.69181251525879 33.63388061523438 L 22.20905303955078 33.63388061523438 L 22.20905303955078 51.5625 C 9.944222450256348 49.63629150390625 0.5625023245811462 39.02250289916992 0.5625023245811462 26.21767234802246 C 0.5625023245811462 12.04526233673096 12.04526233673096 0.5625019073486328 26.21767234802246 0.5625019073486328 C 40.39009094238281 0.5625019073486328 51.87284088134766 12.04526233673096 51.87284088134766 26.21767234802246 C 51.87284088134766 39.02250289916992 42.49112319946289 49.63629150390625 30.22629165649414 51.5625 Z\" stroke=\"none\" fill=\"#fff\"><\/path><\/g><\/svg>\t\t\t\t\t\t<\/span>\n\t\t\t\t\t\t\t\t\t\t<span class=\"elementor-icon-list-text\">Facebook<\/span>\n\t\t\t\t\t\t\t\t\t<\/li>\n\t\t\t\t\t\t<\/ul>\n\t\t\t\t\t\t<\/div>\n\t\t\t\t<\/div>\n\t\t\t\t\t<\/div>\n\t\t\t\t<\/div>\n\t\t<div class=\"elementor-element elementor-element-1fabea2 e-flex e-con-boxed e-con e-parent\" data-id=\"1fabea2\" data-element_type=\"container\">\n\t\t\t\t\t<div class=\"e-con-inner\">\n\t\t<div class=\"elementor-element elementor-element-894a6dc e-con-full e-flex e-con e-child\" data-id=\"894a6dc\" data-element_type=\"container\">\n\t\t\t\t<div class=\"elementor-element elementor-element-838d862 elementor-widget elementor-widget-heading\" data-id=\"838d862\" data-element_type=\"widget\" data-widget_type=\"heading.default\">\n\t\t\t\t<div class=\"elementor-widget-container\">\n\t\t\t\t\t<h2 class=\"elementor-heading-title elementor-size-default\">D\u00e9couvrez la r\u00e9gion<\/h2>\t\t\t\t<\/div>\n\t\t\t\t<\/div>\n\t\t\t\t<div class=\"elementor-element elementor-element-6491f4d elementor-widget__width-initial elementor-widget elementor-widget-text-editor\" data-id=\"6491f4d\" data-element_type=\"widget\" data-widget_type=\"text-editor.default\">\n\t\t\t\t<div class=\"elementor-widget-container\">\n\t\t\t\t\t\t\t\t\t<p>B&amp;B Oase est situ\u00e9 en pleine nature, entour\u00e9 de sentiers de randonn\u00e9e et de pistes cyclables, de restaurants charmants et de joyaux cach\u00e9s. Que tu veuilles te ressourcer, d\u00e9guster ou d\u00e9couvrir &#8211; la r\u00e9gion te surprendra \u00e0 chaque fois. <\/p>\t\t\t\t\t\t\t\t<\/div>\n\t\t\t\t<\/div>\n\t\t<div class=\"elementor-element elementor-element-445e774 e-grid e-con-full e-con e-child\" data-id=\"445e774\" data-element_type=\"container\">\n\t\t\t\t<div class=\"elementor-element elementor-element-13464a6 elementor-icon-list--layout-traditional elementor-list-item-link-full_width elementor-widget elementor-widget-icon-list\" data-id=\"13464a6\" data-element_type=\"widget\" data-widget_type=\"icon-list.default\">\n\t\t\t\t<div class=\"elementor-widget-container\">\n\t\t\t\t\t\t\t<ul class=\"elementor-icon-list-items\">\n\t\t\t\t\t\t\t<li class=\"elementor-icon-list-item\">\n\t\t\t\t\t\t\t\t\t\t\t<span class=\"elementor-icon-list-icon\">\n\t\t\t\t\t\t\t<i aria-hidden=\"true\" class=\"fas fa-dot-circle\"><\/i>\t\t\t\t\t\t<\/span>\n\t\t\t\t\t\t\t\t\t\t<span class=\"elementor-icon-list-text\">Pistes cyclables et sentiers de randonn\u00e9e<\/span>\n\t\t\t\t\t\t\t\t\t<\/li>\n\t\t\t\t\t\t\t\t<li class=\"elementor-icon-list-item\">\n\t\t\t\t\t\t\t\t\t\t\t<span class=\"elementor-icon-list-icon\">\n\t\t\t\t\t\t\t<i aria-hidden=\"true\" class=\"fas fa-dot-circle\"><\/i>\t\t\t\t\t\t<\/span>\n\t\t\t\t\t\t\t\t\t\t<span class=\"elementor-icon-list-text\">Brasseries locales<\/span>\n\t\t\t\t\t\t\t\t\t<\/li>\n\t\t\t\t\t\t\t\t<li class=\"elementor-icon-list-item\">\n\t\t\t\t\t\t\t\t\t\t\t<span class=\"elementor-icon-list-icon\">\n\t\t\t\t\t\t\t<i aria-hidden=\"true\" class=\"fas fa-dot-circle\"><\/i>\t\t\t\t\t\t<\/span>\n\t\t\t\t\t\t\t\t\t\t<span class=\"elementor-icon-list-text\">Jardin botanique de Meise<\/span>\n\t\t\t\t\t\t\t\t\t<\/li>\n\t\t\t\t\t\t<\/ul>\n\t\t\t\t\t\t<\/div>\n\t\t\t\t<\/div>\n\t\t\t\t<div class=\"elementor-element elementor-element-5a641a1 elementor-icon-list--layout-traditional elementor-list-item-link-full_width elementor-widget elementor-widget-icon-list\" data-id=\"5a641a1\" data-element_type=\"widget\" data-widget_type=\"icon-list.default\">\n\t\t\t\t<div class=\"elementor-widget-container\">\n\t\t\t\t\t\t\t<ul class=\"elementor-icon-list-items\">\n\t\t\t\t\t\t\t<li class=\"elementor-icon-list-item\">\n\t\t\t\t\t\t\t\t\t\t\t<span class=\"elementor-icon-list-icon\">\n\t\t\t\t\t\t\t<i aria-hidden=\"true\" class=\"fas fa-dot-circle\"><\/i>\t\t\t\t\t\t<\/span>\n\t\t\t\t\t\t\t\t\t\t<span class=\"elementor-icon-list-text\">L'Escaut \u00e0 proximit\u00e9<\/span>\n\t\t\t\t\t\t\t\t\t<\/li>\n\t\t\t\t\t\t\t\t<li class=\"elementor-icon-list-item\">\n\t\t\t\t\t\t\t\t\t\t\t<span class=\"elementor-icon-list-icon\">\n\t\t\t\t\t\t\t<i aria-hidden=\"true\" class=\"fas fa-dot-circle\"><\/i>\t\t\t\t\t\t<\/span>\n\t\t\t\t\t\t\t\t\t\t<span class=\"elementor-icon-list-text\">Restaurants aux alentours<\/span>\n\t\t\t\t\t\t\t\t\t<\/li>\n\t\t\t\t\t\t\t\t<li class=\"elementor-icon-list-item\">\n\t\t\t\t\t\t\t\t\t\t\t<span class=\"elementor-icon-list-icon\">\n\t\t\t\t\t\t\t<i aria-hidden=\"true\" class=\"fas fa-dot-circle\"><\/i>\t\t\t\t\t\t<\/span>\n\t\t\t\t\t\t\t\t\t\t<span class=\"elementor-icon-list-text\">\u2026<\/span>\n\t\t\t\t\t\t\t\t\t<\/li>\n\t\t\t\t\t\t<\/ul>\n\t\t\t\t\t\t<\/div>\n\t\t\t\t<\/div>\n\t\t\t\t<\/div>\n\t\t\t\t<div class=\"elementor-element elementor-element-409bdc1 elementor-mobile-align-justify elementor-widget elementor-widget-button\" data-id=\"409bdc1\" data-element_type=\"widget\" data-widget_type=\"button.default\">\n\t\t\t\t<div class=\"elementor-widget-container\">\n\t\t\t\t\t\t\t\t\t<div class=\"elementor-button-wrapper\">\n\t\t\t\t\t<a class=\"elementor-button elementor-button-link elementor-size-sm\" href=\"#\">\n\t\t\t\t\t\t<span class=\"elementor-button-content-wrapper\">\n\t\t\t\t\t\t\t\t\t<span class=\"elementor-button-text\">Que faire aux environs<\/span>\n\t\t\t\t\t<\/span>\n\t\t\t\t\t<\/a>\n\t\t\t\t<\/div>\n\t\t\t\t\t\t\t\t<\/div>\n\t\t\t\t<\/div>\n\t\t\t\t<\/div>\n\t\t<div class=\"elementor-element elementor-element-8caa4d2 e-con-full e-flex e-con e-child\" data-id=\"8caa4d2\" data-element_type=\"container\">\n\t\t\t\t<div class=\"elementor-element elementor-element-2f4b429 elementor-widget elementor-widget-shortcode\" data-id=\"2f4b429\" data-element_type=\"widget\" data-widget_type=\"shortcode.default\">\n\t\t\t\t<div class=\"elementor-widget-container\">\n\t\t\t\t\t\t\t<div class=\"elementor-shortcode\"><div class=\"forminator-ui forminator-custom-form forminator-custom-form-400 forminator-design--flat forminator-enclosed forminator_ajax\" data-forminator-render=\"0\" data-form=\"forminator-module-400\" data-uid=\"69fa333e6c640\"><br\/><\/div><form\n\t\t\t\tid=\"forminator-module-400\"\n\t\t\t\tclass=\"forminator-ui forminator-custom-form forminator-custom-form-400 forminator-design--flat forminator-enclosed forminator_ajax\"\n\t\t\t\tmethod=\"post\"\n\t\t\t\tdata-forminator-render=\"0\"\n\t\t\t\tdata-form-id=\"400\"\n\t\t\t\t data-color-option=\"theme\" data-design=\"flat\" data-grid=\"enclosed\" style=\"display: none;\"\n\t\t\t\tdata-uid=\"69fa333e6c640\"\n\t\t\t><div role=\"alert\" aria-live=\"polite\" class=\"forminator-response-message forminator-error\" aria-hidden=\"true\"><\/div><div class=\"forminator-row\"><div id=\"name-1\" class=\"forminator-field-name forminator-col forminator-col-12 \"><div class=\"forminator-field\"><label for=\"forminator-field-name-1_69fa333e6c640\" id=\"forminator-field-name-1_69fa333e6c640-label\" class=\"forminator-label\">Naam <span class=\"forminator-required\">*<\/span><\/label><input type=\"text\" name=\"name-1\" value=\"\" placeholder=\"\" id=\"forminator-field-name-1_69fa333e6c640\" class=\"forminator-input forminator-name--field\" aria-required=\"true\" autocomplete=\"name\" \/><\/div><\/div><\/div><div class=\"forminator-row\"><div id=\"email-1\" class=\"forminator-field-email forminator-col forminator-col-6 \"><div class=\"forminator-field\"><label for=\"forminator-field-email-1_69fa333e6c640\" id=\"forminator-field-email-1_69fa333e6c640-label\" class=\"forminator-label\">E-mail <span class=\"forminator-required\">*<\/span><\/label><input type=\"email\" name=\"email-1\" value=\"\" placeholder=\"\" id=\"forminator-field-email-1_69fa333e6c640\" class=\"forminator-input forminator-email--field\" data-required=\"true\" aria-required=\"true\" autocomplete=\"email\" \/><\/div><\/div><div id=\"phone-1\" class=\"forminator-field-phone forminator-col forminator-col-6 \"><div class=\"forminator-field\"><label for=\"forminator-field-phone-1_69fa333e6c640\" id=\"forminator-field-phone-1_69fa333e6c640-label\" class=\"forminator-label\">Telefoon <span class=\"forminator-required\">*<\/span><\/label><input type=\"text\" name=\"phone-1\" value=\"\" placeholder=\"\" id=\"forminator-field-phone-1_69fa333e6c640\" class=\"forminator-input forminator-field--phone\" data-required=\"1\" aria-required=\"true\" autocomplete=\"off\" \/><\/div><\/div><\/div><div class=\"forminator-row\"><div id=\"textarea-1\" class=\"forminator-field-textarea forminator-col forminator-col-12 \"><div class=\"forminator-field\"><label for=\"forminator-field-textarea-1_69fa333e6c640\" id=\"forminator-field-textarea-1_69fa333e6c640-label\" class=\"forminator-label\">Bericht <span class=\"forminator-required\">*<\/span><\/label><textarea name=\"textarea-1\" placeholder=\"\" id=\"forminator-field-textarea-1_69fa333e6c640\" class=\"forminator-textarea\" rows=\"6\" style=\"min-height:140px;\" ><\/textarea><\/div><\/div><\/div><div class=\"forminator-row\"><div id=\"captcha-1\" class=\"forminator-field-captcha forminator-col forminator-col-12 \"><div class=\"forminator-captcha-left forminator-g-recaptcha recaptcha-invisible\" data-theme=\"light\" data-badge=\"bottomright\" data-sitekey=\"6Ldi6_orAAAAABbTtw6rj1jI4fKufbA8Y4rU6kbA\" data-size=\"invisible\"><\/div> <\/div><\/div><input type=\"hidden\" name=\"referer_url\" value=\"\" \/><div class=\"forminator-row forminator-row-last\"><div class=\"forminator-col\"><div class=\"forminator-field\"><button class=\"forminator-button forminator-button-submit\">Verzenden<\/button><\/div><\/div><\/div><input type=\"hidden\" id=\"forminator_nonce\" name=\"forminator_nonce\" value=\"8f8fed8254\" \/><input type=\"hidden\" name=\"_wp_http_referer\" value=\"\/fr\/wp-json\/wp\/v2\/pages\/869\" \/><input type=\"hidden\" name=\"form_id\" value=\"400\"><input type=\"hidden\" name=\"page_id\" value=\"869\"><input type=\"hidden\" name=\"form_type\" value=\"default\"><input type=\"hidden\" name=\"current_url\" value=\"https:\/\/benboase.be\/fr\/contact\/\"><input type=\"hidden\" name=\"render_id\" value=\"0\"><input type=\"hidden\" name=\"action\" value=\"forminator_submit_form_custom-forms\"><\/form><\/div>\n\t\t\t\t\t\t<\/div>\n\t\t\t\t<\/div>\n\t\t\t\t<\/div>\n\t\t\t\t\t<\/div>\n\t\t\t\t<\/div>\n\t\t\t\t<\/div>\n\t\t","protected":false},"excerpt":{"rendered":"<p>Contacte B&amp;B Oase Votre oasis de tranquillit\u00e9 au c\u0153ur de la nature. Facebook D\u00e9couvrez la r\u00e9gion B&amp;B Oase est situ\u00e9 en pleine nature, entour\u00e9 de sentiers de randonn\u00e9e et de pistes cyclables, de restaurants charmants et de joyaux cach\u00e9s. Que tu veuilles te ressourcer, d\u00e9guster ou d\u00e9couvrir &#8211; la r\u00e9gion te surprendra \u00e0 chaque fois. [&hellip;]<\/p>\n","protected":false},"author":4,"featured_media":1034,"parent":0,"menu_order":0,"comment_status":"closed","ping_status":"closed","template":"","meta":{"footnotes":""},"class_list":["post-869","page","type-page","status-publish","has-post-thumbnail","hentry"],"yoast_head":"<!-- This site is optimized with the Yoast SEO plugin v26.2 - https:\/\/yoast.com\/wordpress\/plugins\/seo\/ -->\n<title>Contact B&amp;B Oase Londerzeel-Malderen | R\u00e9servez votre s\u00e9jour<\/title>\n<meta name=\"description\" content=\"Contacte B&amp;B Oase \u00e0 Londerzeel-Malderen. Pose tes questions ou r\u00e9serve facilement ton s\u00e9jour dans notre luxueux bed &amp; breakfast.\" \/>\n<meta name=\"robots\" content=\"index, follow, max-snippet:-1, max-image-preview:large, max-video-preview:-1\" \/>\n<link rel=\"canonical\" href=\"https:\/\/benboase.be\/fr\/contact\/\" \/>\n<meta property=\"og:locale\" content=\"fr_FR\" \/>\n<meta property=\"og:type\" content=\"article\" \/>\n<meta property=\"og:title\" content=\"Contact B&amp;B Oase Londerzeel-Malderen | R\u00e9servez votre s\u00e9jour\" \/>\n<meta property=\"og:description\" content=\"Contacte B&amp;B Oase \u00e0 Londerzeel-Malderen. Pose tes questions ou r\u00e9serve facilement ton s\u00e9jour dans notre luxueux bed &amp; breakfast.\" \/>\n<meta property=\"og:url\" content=\"https:\/\/benboase.be\/fr\/contact\/\" \/>\n<meta property=\"og:site_name\" content=\"B&amp;B Oase\" \/>\n<meta property=\"article:modified_time\" content=\"2026-04-20T07:40:19+00:00\" \/>\n<meta property=\"og:image\" content=\"https:\/\/benboase.be\/wp-content\/uploads\/2025\/10\/103.jpg\" \/>\n\t<meta property=\"og:image:width\" content=\"1152\" \/>\n\t<meta property=\"og:image:height\" content=\"768\" \/>\n\t<meta property=\"og:image:type\" content=\"image\/jpeg\" \/>\n<meta name=\"twitter:card\" content=\"summary_large_image\" \/>\n<script type=\"application\/ld+json\" class=\"yoast-schema-graph\">{\"@context\":\"https:\/\/schema.org\",\"@graph\":[{\"@type\":\"WebPage\",\"@id\":\"https:\/\/benboase.be\/fr\/contact\/\",\"url\":\"https:\/\/benboase.be\/fr\/contact\/\",\"name\":\"Contact B&B Oase Londerzeel-Malderen | R\u00e9servez votre s\u00e9jour\",\"isPartOf\":{\"@id\":\"https:\/\/benboase.be\/fr\/#website\"},\"primaryImageOfPage\":{\"@id\":\"https:\/\/benboase.be\/fr\/contact\/#primaryimage\"},\"image\":{\"@id\":\"https:\/\/benboase.be\/fr\/contact\/#primaryimage\"},\"thumbnailUrl\":\"https:\/\/benboase.be\/wp-content\/uploads\/2025\/10\/103.jpg\",\"datePublished\":\"2019-01-08T14:31:43+00:00\",\"dateModified\":\"2026-04-20T07:40:19+00:00\",\"description\":\"Contacte B&B Oase \u00e0 Londerzeel-Malderen. Pose tes questions ou r\u00e9serve facilement ton s\u00e9jour dans notre luxueux bed & breakfast.\",\"breadcrumb\":{\"@id\":\"https:\/\/benboase.be\/fr\/contact\/#breadcrumb\"},\"inLanguage\":\"fr-FR\",\"potentialAction\":[{\"@type\":\"ReadAction\",\"target\":[\"https:\/\/benboase.be\/fr\/contact\/\"]}]},{\"@type\":\"ImageObject\",\"inLanguage\":\"fr-FR\",\"@id\":\"https:\/\/benboase.be\/fr\/contact\/#primaryimage\",\"url\":\"https:\/\/benboase.be\/wp-content\/uploads\/2025\/10\/103.jpg\",\"contentUrl\":\"https:\/\/benboase.be\/wp-content\/uploads\/2025\/10\/103.jpg\",\"width\":1152,\"height\":768},{\"@type\":\"BreadcrumbList\",\"@id\":\"https:\/\/benboase.be\/fr\/contact\/#breadcrumb\",\"itemListElement\":[{\"@type\":\"ListItem\",\"position\":1,\"name\":\"Accueil\",\"item\":\"https:\/\/benboase.be\/fr\/accueil\/\"},{\"@type\":\"ListItem\",\"position\":2,\"name\":\"Contact\"}]},{\"@type\":\"WebSite\",\"@id\":\"https:\/\/benboase.be\/fr\/#website\",\"url\":\"https:\/\/benboase.be\/fr\/\",\"name\":\"B&amp;B Oase\",\"description\":\"\",\"potentialAction\":[{\"@type\":\"SearchAction\",\"target\":{\"@type\":\"EntryPoint\",\"urlTemplate\":\"https:\/\/benboase.be\/fr\/?s={search_term_string}\"},\"query-input\":{\"@type\":\"PropertyValueSpecification\",\"valueRequired\":true,\"valueName\":\"search_term_string\"}}],\"inLanguage\":\"fr-FR\"}]}<\/script>\n<!-- \/ Yoast SEO plugin. -->","yoast_head_json":{"title":"Contact B&B Oase Londerzeel-Malderen | R\u00e9servez votre s\u00e9jour","description":"Contacte B&B Oase \u00e0 Londerzeel-Malderen. Pose tes questions ou r\u00e9serve facilement ton s\u00e9jour dans notre luxueux bed & breakfast.","robots":{"index":"index","follow":"follow","max-snippet":"max-snippet:-1","max-image-preview":"max-image-preview:large","max-video-preview":"max-video-preview:-1"},"canonical":"https:\/\/benboase.be\/fr\/contact\/","og_locale":"fr_FR","og_type":"article","og_title":"Contact B&B Oase Londerzeel-Malderen | R\u00e9servez votre s\u00e9jour","og_description":"Contacte B&B Oase \u00e0 Londerzeel-Malderen. Pose tes questions ou r\u00e9serve facilement ton s\u00e9jour dans notre luxueux bed & breakfast.","og_url":"https:\/\/benboase.be\/fr\/contact\/","og_site_name":"B&amp;B Oase","article_modified_time":"2026-04-20T07:40:19+00:00","og_image":[{"width":1152,"height":768,"url":"https:\/\/benboase.be\/wp-content\/uploads\/2025\/10\/103.jpg","type":"image\/jpeg"}],"twitter_card":"summary_large_image","schema":{"@context":"https:\/\/schema.org","@graph":[{"@type":"WebPage","@id":"https:\/\/benboase.be\/fr\/contact\/","url":"https:\/\/benboase.be\/fr\/contact\/","name":"Contact B&B Oase Londerzeel-Malderen | R\u00e9servez votre s\u00e9jour","isPartOf":{"@id":"https:\/\/benboase.be\/fr\/#website"},"primaryImageOfPage":{"@id":"https:\/\/benboase.be\/fr\/contact\/#primaryimage"},"image":{"@id":"https:\/\/benboase.be\/fr\/contact\/#primaryimage"},"thumbnailUrl":"https:\/\/benboase.be\/wp-content\/uploads\/2025\/10\/103.jpg","datePublished":"2019-01-08T14:31:43+00:00","dateModified":"2026-04-20T07:40:19+00:00","description":"Contacte B&B Oase \u00e0 Londerzeel-Malderen. Pose tes questions ou r\u00e9serve facilement ton s\u00e9jour dans notre luxueux bed & breakfast.","breadcrumb":{"@id":"https:\/\/benboase.be\/fr\/contact\/#breadcrumb"},"inLanguage":"fr-FR","potentialAction":[{"@type":"ReadAction","target":["https:\/\/benboase.be\/fr\/contact\/"]}]},{"@type":"ImageObject","inLanguage":"fr-FR","@id":"https:\/\/benboase.be\/fr\/contact\/#primaryimage","url":"https:\/\/benboase.be\/wp-content\/uploads\/2025\/10\/103.jpg","contentUrl":"https:\/\/benboase.be\/wp-content\/uploads\/2025\/10\/103.jpg","width":1152,"height":768},{"@type":"BreadcrumbList","@id":"https:\/\/benboase.be\/fr\/contact\/#breadcrumb","itemListElement":[{"@type":"ListItem","position":1,"name":"Accueil","item":"https:\/\/benboase.be\/fr\/accueil\/"},{"@type":"ListItem","position":2,"name":"Contact"}]},{"@type":"WebSite","@id":"https:\/\/benboase.be\/fr\/#website","url":"https:\/\/benboase.be\/fr\/","name":"B&amp;B Oase","description":"","potentialAction":[{"@type":"SearchAction","target":{"@type":"EntryPoint","urlTemplate":"https:\/\/benboase.be\/fr\/?s={search_term_string}"},"query-input":{"@type":"PropertyValueSpecification","valueRequired":true,"valueName":"search_term_string"}}],"inLanguage":"fr-FR"}]}},"_links":{"self":[{"href":"https:\/\/benboase.be\/fr\/wp-json\/wp\/v2\/pages\/869","targetHints":{"allow":["GET"]}}],"collection":[{"href":"https:\/\/benboase.be\/fr\/wp-json\/wp\/v2\/pages"}],"about":[{"href":"https:\/\/benboase.be\/fr\/wp-json\/wp\/v2\/types\/page"}],"author":[{"embeddable":true,"href":"https:\/\/benboase.be\/fr\/wp-json\/wp\/v2\/users\/4"}],"replies":[{"embeddable":true,"href":"https:\/\/benboase.be\/fr\/wp-json\/wp\/v2\/comments?post=869"}],"version-history":[{"count":6,"href":"https:\/\/benboase.be\/fr\/wp-json\/wp\/v2\/pages\/869\/revisions"}],"predecessor-version":[{"id":1322,"href":"https:\/\/benboase.be\/fr\/wp-json\/wp\/v2\/pages\/869\/revisions\/1322"}],"wp:featuredmedia":[{"embeddable":true,"href":"https:\/\/benboase.be\/fr\/wp-json\/wp\/v2\/media\/1034"}],"wp:attachment":[{"href":"https:\/\/benboase.be\/fr\/wp-json\/wp\/v2\/media?parent=869"}],"curies":[{"name":"wp","href":"https:\/\/api.w.org\/{rel}","templated":true}]}}