{"id":847,"date":"2025-10-09T09:54:56","date_gmt":"2025-10-09T07:54:56","guid":{"rendered":"https:\/\/benboase.be\/espace-bien-etre-prive\/"},"modified":"2025-11-26T12:05:08","modified_gmt":"2025-11-26T11:05:08","slug":"espace-bien-etre-prive","status":"publish","type":"page","link":"https:\/\/benboase.be\/fr\/espace-bien-etre-prive\/","title":{"rendered":"Wellness priv\u00e9"},"content":{"rendered":"\t\t<div data-elementor-type=\"wp-page\" data-elementor-id=\"847\" class=\"elementor elementor-847 elementor-741\" data-elementor-post-type=\"page\">\n\t\t\t\t<div class=\"elementor-element elementor-element-87abf9d e-flex e-con-boxed e-con e-parent\" data-id=\"87abf9d\" data-element_type=\"container\" data-settings=\"{&quot;background_background&quot;:&quot;classic&quot;}\">\n\t\t\t\t\t<div class=\"e-con-inner\">\n\t\t\t\t<div class=\"elementor-element elementor-element-7c40912 elementor-widget elementor-widget-heading\" data-id=\"7c40912\" data-element_type=\"widget\" data-widget_type=\"heading.default\">\n\t\t\t\t<div class=\"elementor-widget-container\">\n\t\t\t\t\t<h1 class=\"elementor-heading-title elementor-size-default\">Wellness priv\u00e9<\/h1>\t\t\t\t<\/div>\n\t\t\t\t<\/div>\n\t\t\t\t\t<\/div>\n\t\t\t\t<\/div>\n\t\t<div class=\"elementor-element elementor-element-ce72224 e-flex e-con-boxed e-con e-parent\" data-id=\"ce72224\" data-element_type=\"container\">\n\t\t\t\t\t<div class=\"e-con-inner\">\n\t\t<div class=\"elementor-element elementor-element-55cf979 e-con-full e-flex e-con e-child\" data-id=\"55cf979\" data-element_type=\"container\">\n\t\t\t\t<div class=\"elementor-element elementor-element-3292c0f elementor-widget elementor-widget-image\" data-id=\"3292c0f\" data-element_type=\"widget\" data-widget_type=\"image.default\">\n\t\t\t\t<div class=\"elementor-widget-container\">\n\t\t\t\t\t\t\t\t\t\t\t\t\t\t\t<img fetchpriority=\"high\" decoding=\"async\" width=\"1676\" height=\"654\" src=\"https:\/\/benboase.be\/wp-content\/uploads\/2025\/08\/IMG_1217.webp\" class=\"attachment-full size-full wp-image-490\" alt=\"\" srcset=\"https:\/\/benboase.be\/wp-content\/uploads\/2025\/08\/IMG_1217.webp 1676w, https:\/\/benboase.be\/wp-content\/uploads\/2025\/08\/IMG_1217-300x117.webp 300w, https:\/\/benboase.be\/wp-content\/uploads\/2025\/08\/IMG_1217-1024x400.webp 1024w, https:\/\/benboase.be\/wp-content\/uploads\/2025\/08\/IMG_1217-768x300.webp 768w, https:\/\/benboase.be\/wp-content\/uploads\/2025\/08\/IMG_1217-1536x599.webp 1536w\" sizes=\"(max-width: 1676px) 100vw, 1676px\" \/>\t\t\t\t\t\t\t\t\t\t\t\t\t\t\t<\/div>\n\t\t\t\t<\/div>\n\t\t\t\t<div class=\"elementor-element elementor-element-e9e862e elementor-widget elementor-widget-heading\" data-id=\"e9e862e\" data-element_type=\"widget\" data-widget_type=\"heading.default\">\n\t\t\t\t<div class=\"elementor-widget-container\">\n\t\t\t\t\t<h2 class=\"elementor-heading-title elementor-size-default\">Disponibilit\u00e9<\/h2>\t\t\t\t<\/div>\n\t\t\t\t<\/div>\n\t\t\t\t<div class=\"elementor-element elementor-element-c062c00 elementor-widget__width-initial elementor-widget elementor-widget-text-editor\" data-id=\"c062c00\" data-element_type=\"widget\" data-widget_type=\"text-editor.default\">\n\t\t\t\t<div class=\"elementor-widget-container\">\n\t\t\t\t\t\t\t\t\t<p data-start=\"103\" data-end=\"282\">Consultez la disponibilit\u00e9 de notre wellness priv\u00e9 si vous souhaitez r\u00e9server le soir apr\u00e8s 19h00 via <strong data-start=\"191\" data-end=\"202\">Chambre O<\/strong>. Vous verrez imm\u00e9diatement quels cr\u00e9neaux du soir sont encore libres pour vous d\u00e9tendre compl\u00e8tement.<\/p><p data-start=\"103\" data-end=\"282\"><strong>Promotion<\/strong> : 4 heures au prix de 2 heures, si une r\u00e9servation est faite pour l&#8217;utilisation de l&#8217;espace bien-\u00eatre entre 13h00 et 18h00. Pour conna\u00eetre les disponibilit\u00e9s, veuillez nous contacter directement par e-mail ou par t\u00e9l\u00e9phone. <\/p><p>La piscine peut \u00eatre utilis\u00e9e gratuitement pendant la saison (de mai \u00e0 octobre) (avec un maillot de bain).<\/p>\t\t\t\t\t\t\t\t<\/div>\n\t\t\t\t<\/div>\n\t\t\t\t<div class=\"elementor-element elementor-element-24988e1 elementor-mobile-align-justify elementor-widget elementor-widget-button\" data-id=\"24988e1\" data-element_type=\"widget\" data-widget_type=\"button.default\">\n\t\t\t\t<div class=\"elementor-widget-container\">\n\t\t\t\t\t\t\t\t\t<div class=\"elementor-button-wrapper\">\n\t\t\t\t\t<a class=\"elementor-button elementor-button-link elementor-size-sm\" href=\"https:\/\/benboase.be\/fr\/chambre-o\/\" target=\"_blank\">\n\t\t\t\t\t\t<span class=\"elementor-button-content-wrapper\">\n\t\t\t\t\t\t\t\t\t<span class=\"elementor-button-text\">V\u00e9rifier la disponibilit\u00e9<\/span>\n\t\t\t\t\t<\/span>\n\t\t\t\t\t<\/a>\n\t\t\t\t<\/div>\n\t\t\t\t\t\t\t\t<\/div>\n\t\t\t\t<\/div>\n\t\t\t\t<\/div>\n\t\t<div class=\"elementor-element elementor-element-1e935a0 e-con-full e-flex e-con e-child\" data-id=\"1e935a0\" data-element_type=\"container\">\n\t\t\t\t<div class=\"elementor-element elementor-element-f1e8c8e elementor-widget elementor-widget-shortcode\" data-id=\"f1e8c8e\" data-element_type=\"widget\" data-widget_type=\"shortcode.default\">\n\t\t\t\t<div class=\"elementor-widget-container\">\n\t\t\t\t\t\t\t<div class=\"elementor-shortcode\"><div class=\"forminator-ui forminator-custom-form forminator-custom-form-762 forminator-design--flat forminator-enclosed forminator_ajax\" data-forminator-render=\"0\" data-form=\"forminator-module-762\" data-uid=\"69fa1f6d413e2\"><br\/><\/div><form\n\t\t\t\tid=\"forminator-module-762\"\n\t\t\t\tclass=\"forminator-ui forminator-custom-form forminator-custom-form-762 forminator-design--flat forminator-enclosed forminator_ajax\"\n\t\t\t\tmethod=\"post\"\n\t\t\t\tdata-forminator-render=\"0\"\n\t\t\t\tdata-form-id=\"762\"\n\t\t\t\t data-color-option=\"theme\" data-design=\"flat\" data-grid=\"enclosed\" style=\"display: none;\"\n\t\t\t\tdata-uid=\"69fa1f6d413e2\"\n\t\t\t><div role=\"alert\" aria-live=\"polite\" class=\"forminator-response-message forminator-error\" aria-hidden=\"true\"><\/div><div class=\"forminator-row\"><div id=\"name-1\" class=\"forminator-field-name forminator-col forminator-col-12 \"><div class=\"forminator-field\"><label for=\"forminator-field-name-1_69fa1f6d413e2\" id=\"forminator-field-name-1_69fa1f6d413e2-label\" class=\"forminator-label\">Naam <span class=\"forminator-required\">*<\/span><\/label><input type=\"text\" name=\"name-1\" value=\"\" placeholder=\"\" id=\"forminator-field-name-1_69fa1f6d413e2\" class=\"forminator-input forminator-name--field\" aria-required=\"true\" autocomplete=\"name\" \/><\/div><\/div><\/div><div class=\"forminator-row\"><div id=\"email-1\" class=\"forminator-field-email forminator-col forminator-col-6 \"><div class=\"forminator-field\"><label for=\"forminator-field-email-1_69fa1f6d413e2\" id=\"forminator-field-email-1_69fa1f6d413e2-label\" class=\"forminator-label\">E-mail <span class=\"forminator-required\">*<\/span><\/label><input type=\"email\" name=\"email-1\" value=\"\" placeholder=\"\" id=\"forminator-field-email-1_69fa1f6d413e2\" class=\"forminator-input forminator-email--field\" data-required=\"true\" aria-required=\"true\" autocomplete=\"email\" \/><\/div><\/div><div id=\"phone-1\" class=\"forminator-field-phone forminator-col forminator-col-6 \"><div class=\"forminator-field\"><label for=\"forminator-field-phone-1_69fa1f6d413e2\" id=\"forminator-field-phone-1_69fa1f6d413e2-label\" class=\"forminator-label\">Telefoon <span class=\"forminator-required\">*<\/span><\/label><input type=\"text\" name=\"phone-1\" value=\"\" placeholder=\"\" id=\"forminator-field-phone-1_69fa1f6d413e2\" class=\"forminator-input forminator-field--phone\" data-required=\"1\" aria-required=\"true\" autocomplete=\"off\" \/><\/div><\/div><\/div><div class=\"forminator-row\"><div id=\"date-1\" class=\"forminator-field-date forminator-col forminator-col-12 \"><div class=\"forminator-field\"><label for=\"forminator-field-date-1-picker_69fa1f6d413e2\" id=\"forminator-field-date-1-picker_69fa1f6d413e2-label\" class=\"forminator-label\">Datum<\/label><div class=\"forminator-input-with-icon\"><span class=\"forminator-icon-calendar\" aria-hidden=\"true\"><\/span><input autocomplete=\"off\" type=\"text\" size=\"1\" name=\"date-1\" value=\"\" placeholder=\"Kies Datum\" id=\"forminator-field-date-1-picker_69fa1f6d413e2\" class=\"forminator-input forminator-datepicker\" data-required=\"\" data-format=\"dd\/mm\/yy\" data-restrict-type=\"\" data-restrict=\"\" data-start-year=\"1926\" data-end-year=\"2126\" data-past-dates=\"enable\" data-start-of-week=\"1\" data-start-date=\"\" data-end-date=\"\" data-start-field=\"\" data-end-field=\"\" data-start-offset=\"\" data-end-offset=\"\" data-disable-date=\"\" data-disable-range=\"\" \/><\/div><\/div><\/div><\/div><div class=\"forminator-row\"><div id=\"textarea-1\" class=\"forminator-field-textarea forminator-col forminator-col-12 \"><div class=\"forminator-field\"><label for=\"forminator-field-textarea-1_69fa1f6d413e2\" id=\"forminator-field-textarea-1_69fa1f6d413e2-label\" class=\"forminator-label\">Bericht <span class=\"forminator-required\">*<\/span><\/label><textarea name=\"textarea-1\" placeholder=\"\" id=\"forminator-field-textarea-1_69fa1f6d413e2\" class=\"forminator-textarea\" rows=\"6\" style=\"min-height:140px;\" ><\/textarea><\/div><\/div><\/div><div class=\"forminator-row\"><div id=\"captcha-1\" class=\"forminator-field-captcha forminator-col forminator-col-12 \"><div class=\"forminator-captcha-left forminator-g-recaptcha recaptcha-invisible\" data-theme=\"light\" data-badge=\"bottomright\" data-sitekey=\"6Ldi6_orAAAAABbTtw6rj1jI4fKufbA8Y4rU6kbA\" data-size=\"invisible\"><\/div> <\/div><\/div><input type=\"hidden\" name=\"referer_url\" value=\"\" \/><div class=\"forminator-row forminator-row-last\"><div class=\"forminator-col\"><div class=\"forminator-field\"><button class=\"forminator-button forminator-button-submit\">Priv&eacute; wellness aanvragen<\/button><\/div><\/div><\/div><input type=\"hidden\" id=\"forminator_nonce\" name=\"forminator_nonce\" value=\"d856bf1d6a\" \/><input type=\"hidden\" name=\"_wp_http_referer\" value=\"\/fr\/wp-json\/wp\/v2\/pages\/847\" \/><input type=\"hidden\" name=\"form_id\" value=\"762\"><input type=\"hidden\" name=\"page_id\" value=\"847\"><input type=\"hidden\" name=\"form_type\" value=\"default\"><input type=\"hidden\" name=\"current_url\" value=\"https:\/\/benboase.be\/fr\/espace-bien-etre-prive\/\"><input type=\"hidden\" name=\"render_id\" value=\"0\"><input type=\"hidden\" name=\"action\" value=\"forminator_submit_form_custom-forms\"><\/form><\/div>\n\t\t\t\t\t\t<\/div>\n\t\t\t\t<\/div>\n\t\t\t\t<\/div>\n\t\t\t\t\t<\/div>\n\t\t\t\t<\/div>\n\t\t\t\t<\/div>\n\t\t","protected":false},"excerpt":{"rendered":"<p>Wellness priv\u00e9 Disponibilit\u00e9 Consultez la disponibilit\u00e9 de notre wellness priv\u00e9 si vous souhaitez r\u00e9server le soir apr\u00e8s 19h00 via Chambre O. Vous verrez imm\u00e9diatement quels cr\u00e9neaux du soir sont encore libres pour vous d\u00e9tendre compl\u00e8tement. Promotion : 4 heures au prix de 2 heures, si une r\u00e9servation est faite pour l&#8217;utilisation de l&#8217;espace bien-\u00eatre entre [&hellip;]<\/p>\n","protected":false},"author":4,"featured_media":694,"parent":0,"menu_order":0,"comment_status":"closed","ping_status":"closed","template":"","meta":{"footnotes":""},"class_list":["post-847","page","type-page","status-publish","has-post-thumbnail","hentry"],"yoast_head":"<!-- This site is optimized with the Yoast SEO plugin v26.2 - https:\/\/yoast.com\/wordpress\/plugins\/seo\/ -->\n<title>B&amp;B Oase Londerzeel avec wellness priv\u00e9 | D\u00e9tendez-vous et profitez<\/title>\n<meta name=\"description\" content=\"Profitez du wellness priv\u00e9 au B&amp;B Oase \u00e0 Londerzeel. D\u00e9tendez-vous dans le jacuzzi, le sauna et profitez d&#039;une exp\u00e9rience luxueuse et paisible.\" \/>\n<meta name=\"robots\" content=\"index, follow, max-snippet:-1, max-image-preview:large, max-video-preview:-1\" \/>\n<link rel=\"canonical\" href=\"https:\/\/benboase.be\/fr\/espace-bien-etre-prive\/\" \/>\n<meta property=\"og:locale\" content=\"fr_FR\" \/>\n<meta property=\"og:type\" content=\"article\" \/>\n<meta property=\"og:title\" content=\"B&amp;B Oase Londerzeel avec wellness priv\u00e9 | D\u00e9tendez-vous et profitez\" \/>\n<meta property=\"og:description\" content=\"Profitez du wellness priv\u00e9 au B&amp;B Oase \u00e0 Londerzeel. D\u00e9tendez-vous dans le jacuzzi, le sauna et profitez d&#039;une exp\u00e9rience luxueuse et paisible.\" \/>\n<meta property=\"og:url\" content=\"https:\/\/benboase.be\/fr\/espace-bien-etre-prive\/\" \/>\n<meta property=\"og:site_name\" content=\"B&amp;B Oase\" \/>\n<meta property=\"article:modified_time\" content=\"2025-11-26T11:05:08+00:00\" \/>\n<meta property=\"og:image\" content=\"https:\/\/benboase.be\/wp-content\/uploads\/2025\/09\/336059404.jpg\" \/>\n\t<meta property=\"og:image:width\" content=\"1024\" \/>\n\t<meta property=\"og:image:height\" content=\"399\" \/>\n\t<meta property=\"og:image:type\" content=\"image\/jpeg\" \/>\n<meta name=\"twitter:card\" content=\"summary_large_image\" \/>\n<meta name=\"twitter:label1\" content=\"Dur\u00e9e de lecture estim\u00e9e\" \/>\n\t<meta name=\"twitter:data1\" content=\"1 minute\" \/>\n<script type=\"application\/ld+json\" class=\"yoast-schema-graph\">{\"@context\":\"https:\/\/schema.org\",\"@graph\":[{\"@type\":\"WebPage\",\"@id\":\"https:\/\/benboase.be\/fr\/espace-bien-etre-prive\/\",\"url\":\"https:\/\/benboase.be\/fr\/espace-bien-etre-prive\/\",\"name\":\"B&B Oase Londerzeel avec wellness priv\u00e9 | D\u00e9tendez-vous et profitez\",\"isPartOf\":{\"@id\":\"https:\/\/benboase.be\/fr\/#website\"},\"primaryImageOfPage\":{\"@id\":\"https:\/\/benboase.be\/fr\/espace-bien-etre-prive\/#primaryimage\"},\"image\":{\"@id\":\"https:\/\/benboase.be\/fr\/espace-bien-etre-prive\/#primaryimage\"},\"thumbnailUrl\":\"https:\/\/benboase.be\/wp-content\/uploads\/2025\/09\/336059404.jpg\",\"datePublished\":\"2025-10-09T07:54:56+00:00\",\"dateModified\":\"2025-11-26T11:05:08+00:00\",\"description\":\"Profitez du wellness priv\u00e9 au B&B Oase \u00e0 Londerzeel. D\u00e9tendez-vous dans le jacuzzi, le sauna et profitez d'une exp\u00e9rience luxueuse et paisible.\",\"breadcrumb\":{\"@id\":\"https:\/\/benboase.be\/fr\/espace-bien-etre-prive\/#breadcrumb\"},\"inLanguage\":\"fr-FR\",\"potentialAction\":[{\"@type\":\"ReadAction\",\"target\":[\"https:\/\/benboase.be\/fr\/espace-bien-etre-prive\/\"]}]},{\"@type\":\"ImageObject\",\"inLanguage\":\"fr-FR\",\"@id\":\"https:\/\/benboase.be\/fr\/espace-bien-etre-prive\/#primaryimage\",\"url\":\"https:\/\/benboase.be\/wp-content\/uploads\/2025\/09\/336059404.jpg\",\"contentUrl\":\"https:\/\/benboase.be\/wp-content\/uploads\/2025\/09\/336059404.jpg\",\"width\":1024,\"height\":399},{\"@type\":\"BreadcrumbList\",\"@id\":\"https:\/\/benboase.be\/fr\/espace-bien-etre-prive\/#breadcrumb\",\"itemListElement\":[{\"@type\":\"ListItem\",\"position\":1,\"name\":\"Accueil\",\"item\":\"https:\/\/benboase.be\/fr\/accueil\/\"},{\"@type\":\"ListItem\",\"position\":2,\"name\":\"Wellness priv\u00e9\"}]},{\"@type\":\"WebSite\",\"@id\":\"https:\/\/benboase.be\/fr\/#website\",\"url\":\"https:\/\/benboase.be\/fr\/\",\"name\":\"B&amp;B Oase\",\"description\":\"\",\"potentialAction\":[{\"@type\":\"SearchAction\",\"target\":{\"@type\":\"EntryPoint\",\"urlTemplate\":\"https:\/\/benboase.be\/fr\/?s={search_term_string}\"},\"query-input\":{\"@type\":\"PropertyValueSpecification\",\"valueRequired\":true,\"valueName\":\"search_term_string\"}}],\"inLanguage\":\"fr-FR\"}]}<\/script>\n<!-- \/ Yoast SEO plugin. -->","yoast_head_json":{"title":"B&B Oase Londerzeel avec wellness priv\u00e9 | D\u00e9tendez-vous et profitez","description":"Profitez du wellness priv\u00e9 au B&B Oase \u00e0 Londerzeel. D\u00e9tendez-vous dans le jacuzzi, le sauna et profitez d'une exp\u00e9rience luxueuse et paisible.","robots":{"index":"index","follow":"follow","max-snippet":"max-snippet:-1","max-image-preview":"max-image-preview:large","max-video-preview":"max-video-preview:-1"},"canonical":"https:\/\/benboase.be\/fr\/espace-bien-etre-prive\/","og_locale":"fr_FR","og_type":"article","og_title":"B&B Oase Londerzeel avec wellness priv\u00e9 | D\u00e9tendez-vous et profitez","og_description":"Profitez du wellness priv\u00e9 au B&B Oase \u00e0 Londerzeel. D\u00e9tendez-vous dans le jacuzzi, le sauna et profitez d'une exp\u00e9rience luxueuse et paisible.","og_url":"https:\/\/benboase.be\/fr\/espace-bien-etre-prive\/","og_site_name":"B&amp;B Oase","article_modified_time":"2025-11-26T11:05:08+00:00","og_image":[{"width":1024,"height":399,"url":"https:\/\/benboase.be\/wp-content\/uploads\/2025\/09\/336059404.jpg","type":"image\/jpeg"}],"twitter_card":"summary_large_image","twitter_misc":{"Dur\u00e9e de lecture estim\u00e9e":"1 minute"},"schema":{"@context":"https:\/\/schema.org","@graph":[{"@type":"WebPage","@id":"https:\/\/benboase.be\/fr\/espace-bien-etre-prive\/","url":"https:\/\/benboase.be\/fr\/espace-bien-etre-prive\/","name":"B&B Oase Londerzeel avec wellness priv\u00e9 | D\u00e9tendez-vous et profitez","isPartOf":{"@id":"https:\/\/benboase.be\/fr\/#website"},"primaryImageOfPage":{"@id":"https:\/\/benboase.be\/fr\/espace-bien-etre-prive\/#primaryimage"},"image":{"@id":"https:\/\/benboase.be\/fr\/espace-bien-etre-prive\/#primaryimage"},"thumbnailUrl":"https:\/\/benboase.be\/wp-content\/uploads\/2025\/09\/336059404.jpg","datePublished":"2025-10-09T07:54:56+00:00","dateModified":"2025-11-26T11:05:08+00:00","description":"Profitez du wellness priv\u00e9 au B&B Oase \u00e0 Londerzeel. D\u00e9tendez-vous dans le jacuzzi, le sauna et profitez d'une exp\u00e9rience luxueuse et paisible.","breadcrumb":{"@id":"https:\/\/benboase.be\/fr\/espace-bien-etre-prive\/#breadcrumb"},"inLanguage":"fr-FR","potentialAction":[{"@type":"ReadAction","target":["https:\/\/benboase.be\/fr\/espace-bien-etre-prive\/"]}]},{"@type":"ImageObject","inLanguage":"fr-FR","@id":"https:\/\/benboase.be\/fr\/espace-bien-etre-prive\/#primaryimage","url":"https:\/\/benboase.be\/wp-content\/uploads\/2025\/09\/336059404.jpg","contentUrl":"https:\/\/benboase.be\/wp-content\/uploads\/2025\/09\/336059404.jpg","width":1024,"height":399},{"@type":"BreadcrumbList","@id":"https:\/\/benboase.be\/fr\/espace-bien-etre-prive\/#breadcrumb","itemListElement":[{"@type":"ListItem","position":1,"name":"Accueil","item":"https:\/\/benboase.be\/fr\/accueil\/"},{"@type":"ListItem","position":2,"name":"Wellness priv\u00e9"}]},{"@type":"WebSite","@id":"https:\/\/benboase.be\/fr\/#website","url":"https:\/\/benboase.be\/fr\/","name":"B&amp;B Oase","description":"","potentialAction":[{"@type":"SearchAction","target":{"@type":"EntryPoint","urlTemplate":"https:\/\/benboase.be\/fr\/?s={search_term_string}"},"query-input":{"@type":"PropertyValueSpecification","valueRequired":true,"valueName":"search_term_string"}}],"inLanguage":"fr-FR"}]}},"_links":{"self":[{"href":"https:\/\/benboase.be\/fr\/wp-json\/wp\/v2\/pages\/847","targetHints":{"allow":["GET"]}}],"collection":[{"href":"https:\/\/benboase.be\/fr\/wp-json\/wp\/v2\/pages"}],"about":[{"href":"https:\/\/benboase.be\/fr\/wp-json\/wp\/v2\/types\/page"}],"author":[{"embeddable":true,"href":"https:\/\/benboase.be\/fr\/wp-json\/wp\/v2\/users\/4"}],"replies":[{"embeddable":true,"href":"https:\/\/benboase.be\/fr\/wp-json\/wp\/v2\/comments?post=847"}],"version-history":[{"count":16,"href":"https:\/\/benboase.be\/fr\/wp-json\/wp\/v2\/pages\/847\/revisions"}],"predecessor-version":[{"id":1160,"href":"https:\/\/benboase.be\/fr\/wp-json\/wp\/v2\/pages\/847\/revisions\/1160"}],"wp:featuredmedia":[{"embeddable":true,"href":"https:\/\/benboase.be\/fr\/wp-json\/wp\/v2\/media\/694"}],"wp:attachment":[{"href":"https:\/\/benboase.be\/fr\/wp-json\/wp\/v2\/media?parent=847"}],"curies":[{"name":"wp","href":"https:\/\/api.w.org\/{rel}","templated":true}]}}