{"id":1285,"date":"2026-03-04T17:38:21","date_gmt":"2026-03-04T16:38:21","guid":{"rendered":"https:\/\/benboase.be\/prijzen\/"},"modified":"2026-03-04T18:20:57","modified_gmt":"2026-03-04T17:20:57","slug":"prijzen","status":"publish","type":"page","link":"https:\/\/benboase.be\/fr\/prijzen\/","title":{"rendered":"Tarifs"},"content":{"rendered":"\t\t<div data-elementor-type=\"wp-page\" data-elementor-id=\"1285\" class=\"elementor elementor-1285 elementor-1260\" data-elementor-post-type=\"page\">\n\t\t\t\t<div class=\"elementor-element elementor-element-49ce7a7 e-flex e-con-boxed e-con e-parent\" data-id=\"49ce7a7\" data-element_type=\"container\" data-settings=\"{&quot;background_background&quot;:&quot;classic&quot;}\">\n\t\t\t\t\t<div class=\"e-con-inner\">\n\t\t<div class=\"elementor-element elementor-element-93f5ba8 e-con-full e-flex e-con e-child\" data-id=\"93f5ba8\" data-element_type=\"container\">\n\t\t\t\t<div class=\"elementor-element elementor-element-04b4b27 elementor-widget elementor-widget-heading\" data-id=\"04b4b27\" data-element_type=\"widget\" data-widget_type=\"heading.default\">\n\t\t\t\t<div class=\"elementor-widget-container\">\n\t\t\t\t\t<h1 class=\"elementor-heading-title elementor-size-default\">Tarifs <br>B&amp;B Oase<\/h1>\t\t\t\t<\/div>\n\t\t\t\t<\/div>\n\t\t\t\t<div class=\"elementor-element elementor-element-2957bc7 elementor-absolute elementor-view-default elementor-widget elementor-widget-icon\" data-id=\"2957bc7\" data-element_type=\"widget\" data-settings=\"{&quot;_position&quot;:&quot;absolute&quot;}\" data-widget_type=\"icon.default\">\n\t\t\t\t<div class=\"elementor-widget-container\">\n\t\t\t\t\t\t\t<div class=\"elementor-icon-wrapper\">\n\t\t\t<div class=\"elementor-icon\">\n\t\t\t<svg xmlns=\"http:\/\/www.w3.org\/2000\/svg\" width=\"32.407\" height=\"22.5\" viewBox=\"0 0 32.407 22.5\"><path id=\"Path_7\" data-name=\"Path 7\" d=\"M230.134,81.019l22.5,16.2-22.5,16.2Z\" transform=\"translate(113.426 -230.134) rotate(90)\" fill=\"#a5843a\"><\/path><\/svg>\t\t\t<\/div>\n\t\t<\/div>\n\t\t\t\t\t\t<\/div>\n\t\t\t\t<\/div>\n\t\t<div class=\"elementor-element elementor-element-0185fbb e-con-full elementor-hidden-mobile e-flex e-con e-child\" data-id=\"0185fbb\" data-element_type=\"container\" data-settings=\"{&quot;position&quot;:&quot;absolute&quot;}\">\n\t\t\t\t<div class=\"elementor-element elementor-element-a1dff29 elementor-widget__width-initial elementor-widget elementor-widget-text-editor\" data-id=\"a1dff29\" data-element_type=\"widget\" data-widget_type=\"text-editor.default\">\n\t\t\t\t<div class=\"elementor-widget-container\">\n\t\t\t\t\t\t\t\t\t<p>Votre oasis de tranquillit\u00e9 au c\u0153ur de la nature.<\/p>\t\t\t\t\t\t\t\t<\/div>\n\t\t\t\t<\/div>\n\t\t\t\t<\/div>\n\t\t\t\t<\/div>\n\t\t\t\t<div class=\"elementor-element elementor-element-cd65db5 elementor-absolute elementor-hidden-mobile elementor-icon-list--layout-traditional elementor-list-item-link-full_width elementor-widget elementor-widget-icon-list\" data-id=\"cd65db5\" data-element_type=\"widget\" data-settings=\"{&quot;_position&quot;:&quot;absolute&quot;}\" data-widget_type=\"icon-list.default\">\n\t\t\t\t<div class=\"elementor-widget-container\">\n\t\t\t\t\t\t\t<ul class=\"elementor-icon-list-items\">\n\t\t\t\t\t\t\t<li class=\"elementor-icon-list-item\">\n\t\t\t\t\t\t\t\t\t\t\t<a href=\"https:\/\/www.facebook.com\/www.benboase.be\/?locale=nl_NL\" target=\"_blank\">\n\n\t\t\t\t\t\t\t\t\t\t\t\t<span class=\"elementor-icon-list-icon\">\n\t\t\t\t\t\t\t<svg xmlns=\"http:\/\/www.w3.org\/2000\/svg\" width=\"51.31\" height=\"51\" viewBox=\"0 0 51.31 51\"><g id=\"Icon_fa-brands-facebook\" data-name=\"Icon fa-brands-facebook\" transform=\"translate(-0.563 -0.563)\" fill=\"none\"><path d=\"M51.873,26.218A25.655,25.655,0,1,0,22.209,51.563V33.634H15.692V26.218h6.517V20.565c0-6.429,3.828-9.981,9.69-9.981a39.483,39.483,0,0,1,5.743.5V17.4H34.407c-3.186,0-4.18,1.978-4.18,4.007v4.816h7.115L36.2,33.634H30.226V51.563A25.664,25.664,0,0,0,51.873,26.218Z\" stroke=\"none\"><\/path><path d=\"M 32.22629165649414 49.10322952270508 C 36.82537078857422 47.89586639404297 40.99065017700195 45.30657958984375 44.13467407226562 41.66298294067383 C 45.94908142089844 39.56026077270508 47.36569213867188 37.18395233154297 48.34516143798828 34.60005187988281 C 49.35885238647461 31.92587280273438 49.87284088134766 29.10563278198242 49.87284088134766 26.21767234802246 C 49.87284088134766 23.02239227294922 49.24782180786133 19.92415237426758 48.01513290405273 17.00900268554688 C 46.82408142089844 14.19230175018311 45.11848068237305 11.66243171691895 42.94570159912109 9.489642143249512 C 40.77292251586914 7.316862106323242 38.2430419921875 5.61126184463501 35.42635345458984 4.420211791992188 C 32.51120376586914 3.187521934509277 29.4129524230957 2.562501907348633 26.21767234802246 2.562501907348633 C 23.02239227294922 2.562501907348633 19.92415237426758 3.187521934509277 17.00900268554688 4.420211791992188 C 14.19230270385742 5.61126184463501 11.66243267059326 7.316862106323242 9.489642143249512 9.489642143249512 C 7.3168625831604 11.66243171691895 5.611262321472168 14.19230175018311 4.420212268829346 17.00900268554688 C 3.187522411346436 19.92415237426758 2.562502384185791 23.02239227294922 2.562502384185791 26.21767234802246 C 2.562502384185791 29.10563278198242 3.076492309570312 31.92587280273438 4.090182304382324 34.60005187988281 C 5.069652557373047 37.18395233154297 6.486262321472168 39.56026077270508 8.30067253112793 41.66298294067383 C 11.44469356536865 45.30657958984375 15.6099739074707 47.89586639404297 20.20905303955078 49.10322952270508 L 20.20905303955078 35.63388061523438 L 13.69181251525879 35.63388061523438 L 13.69181251525879 24.21767234802246 L 20.20905303955078 24.21767234802246 L 20.20905303955078 20.56526184082031 C 20.20905303955078 16.91499137878418 21.3265323638916 13.86688232421875 23.44068145751953 11.75047206878662 C 25.50961303710938 9.679322242736816 28.43447303771973 8.584571838378906 31.89905166625977 8.584571838378906 C 34.84212112426758 8.584571838378906 37.85204315185547 9.092122077941895 37.97873306274414 9.11373233795166 L 39.64250183105469 9.397472381591797 L 39.64250183105469 19.39560127258301 L 34.40664291381836 19.39560127258301 C 33.54669189453125 19.39560127258301 32.95046234130859 19.58087158203125 32.634521484375 19.94626235961914 C 32.27933120727539 20.3570613861084 32.22629165649414 21.03476142883301 32.22629165649414 21.40216255187988 L 32.22629165649414 24.21767234802246 L 39.6717414855957 24.21767234802246 L 37.92006301879883 35.63388061523438 L 32.22629165649414 35.63388061523438 L 32.22629165649414 49.10322952270508 M 30.22629165649414 51.5625 L 30.22629165649414 33.63388061523438 L 36.20353317260742 33.63388061523438 L 37.34146118164062 26.21767234802246 L 30.22629165649414 26.21767234802246 L 30.22629165649414 21.40216255187988 C 30.22629165649414 19.37353134155273 31.22043228149414 17.39560127258301 34.40664291381836 17.39560127258301 L 37.64250183105469 17.39560127258301 L 37.64250183105469 11.08526229858398 C 37.64250183105469 11.08526229858398 34.70664215087891 10.58457183837891 31.89905166625977 10.58457183837891 C 26.03664207458496 10.58457183837891 22.20905303955078 14.13595199584961 22.20905303955078 20.56526184082031 L 22.20905303955078 26.21767234802246 L 15.69181251525879 26.21767234802246 L 15.69181251525879 33.63388061523438 L 22.20905303955078 33.63388061523438 L 22.20905303955078 51.5625 C 9.944222450256348 49.63629150390625 0.5625023245811462 39.02250289916992 0.5625023245811462 26.21767234802246 C 0.5625023245811462 12.04526233673096 12.04526233673096 0.5625019073486328 26.21767234802246 0.5625019073486328 C 40.39009094238281 0.5625019073486328 51.87284088134766 12.04526233673096 51.87284088134766 26.21767234802246 C 51.87284088134766 39.02250289916992 42.49112319946289 49.63629150390625 30.22629165649414 51.5625 Z\" stroke=\"none\" fill=\"#fff\"><\/path><\/g><\/svg>\t\t\t\t\t\t<\/span>\n\t\t\t\t\t\t\t\t\t\t<span class=\"elementor-icon-list-text\">Facebook<\/span>\n\t\t\t\t\t\t\t\t\t\t\t<\/a>\n\t\t\t\t\t\t\t\t\t<\/li>\n\t\t\t\t\t\t<\/ul>\n\t\t\t\t\t\t<\/div>\n\t\t\t\t<\/div>\n\t\t\t\t\t<\/div>\n\t\t\t\t<\/div>\n\t\t<div class=\"elementor-element elementor-element-73ee5b1 e-flex e-con-boxed e-con e-parent\" data-id=\"73ee5b1\" data-element_type=\"container\">\n\t\t\t\t\t<div class=\"e-con-inner\">\n\t\t\t\t<div class=\"elementor-element elementor-element-1b875cd elementor-widget elementor-widget-heading\" data-id=\"1b875cd\" data-element_type=\"widget\" data-widget_type=\"heading.default\">\n\t\t\t\t<div class=\"elementor-widget-container\">\n\t\t\t\t\t<h2 class=\"elementor-heading-title elementor-size-default\">Tarifs Chambres 2026<\/h2>\t\t\t\t<\/div>\n\t\t\t\t<\/div>\n\t\t\t\t<div class=\"elementor-element elementor-element-24f3fbc elementor-widget__width-inherit elementor-widget elementor-widget-text-editor\" data-id=\"24f3fbc\" data-element_type=\"widget\" data-widget_type=\"text-editor.default\">\n\t\t\t\t<div class=\"elementor-widget-container\">\n\t\t\t\t\t\t\t\t\t<table style=\"width: 100%; border-collapse: collapse; font-family: Arial, sans-serif;\">\n  <thead>\n    <tr>\n      <th style=\"border: 1px solid #ddd; padding: 10px; text-align: left;\"><\/th>\n      <th style=\"border: 1px solid #ddd; padding: 10px; text-align: center;\">2 personnes<\/th>\n      <th style=\"border: 1px solid #ddd; padding: 10px; text-align: center;\">1 personne<\/th>\n      <th style=\"border: 1px solid #ddd; padding: 10px; text-align: center;\">Personne suppl\u00e9mentaire<\/th>\n    <\/tr>\n  <\/thead>\n  <tbody>\n    <tr>\n      <td style=\"border: 1px solid #ddd; padding: 10px;\">Chambre H<\/td>\n      <td style=\"border: 1px solid #ddd; padding: 10px; text-align: center;\">\u20ac 155,-<\/td>\n      <td style=\"border: 1px solid #ddd; padding: 10px; text-align: center;\">\u20ac 135,-<\/td>\n      <td style=\"border: 1px solid #ddd; padding: 10px; text-align: center;\">\u20ac 20,-<\/td>\n    <\/tr>\n    <tr>\n      <td style=\"border: 1px solid #ddd; padding: 10px;\">Chambre W<\/td>\n      <td style=\"border: 1px solid #ddd; padding: 10px; text-align: center;\">\u20ac 165,-<\/td>\n      <td style=\"border: 1px solid #ddd; padding: 10px; text-align: center;\">\u20ac 145,-<\/td>\n      <td style=\"border: 1px solid #ddd; padding: 10px; text-align: center;\">&#8211;<\/td>\n    <\/tr>\n    <tr>\n      <td style=\"border: 1px solid #ddd; padding: 10px;\">Chambre O+<\/td>\n      <td style=\"border: 1px solid #ddd; padding: 10px; text-align: center;\">\u20ac 195,-<\/td>\n      <td style=\"border: 1px solid #ddd; padding: 10px; text-align: center;\">\u20ac 175,-<\/td>\n      <td style=\"border: 1px solid #ddd; padding: 10px; text-align: center;\">&#8211;<\/td>\n    <\/tr>\n  <\/tbody>\n<\/table>\t\t\t\t\t\t\t\t<\/div>\n\t\t\t\t<\/div>\n\t\t\t\t<div class=\"elementor-element elementor-element-f17d0c0 elementor-widget elementor-widget-heading\" data-id=\"f17d0c0\" data-element_type=\"widget\" data-widget_type=\"heading.default\">\n\t\t\t\t<div class=\"elementor-widget-container\">\n\t\t\t\t\t<h2 class=\"elementor-heading-title elementor-size-default\">Maison d\u2019h\u00f4tes avec petit-d\u00e9jeuner<\/h2>\t\t\t\t<\/div>\n\t\t\t\t<\/div>\n\t\t\t\t<div class=\"elementor-element elementor-element-8df7b60 elementor-widget__width-inherit elementor-widget elementor-widget-text-editor\" data-id=\"8df7b60\" data-element_type=\"widget\" data-widget_type=\"text-editor.default\">\n\t\t\t\t<div class=\"elementor-widget-container\">\n\t\t\t\t\t\t\t\t\t<table style=\"width: 100%; border-collapse: collapse; font-family: Arial, sans-serif;\">\n  <thead>\n    <tr>\n      <th style=\"border: 1px solid #ddd; padding: 10px; text-align: left;\"><\/th>\n      <th style=\"border: 1px solid #ddd; padding: 10px; text-align: center;\">Prix<\/th>\n      <th style=\"border: 1px solid #ddd; padding: 10px; text-align: center;\">Personne suppl\u00e9mentaire<\/th>\n    <\/tr>\n  <\/thead>\n  <tbody>\n    <tr>\n      <td style=\"border: 1px solid #ddd; padding: 10px;\">Maison d\u2019h\u00f4tes H&amp;O (2 personnes)<\/td>\n      <td style=\"border: 1px solid #ddd; padding: 10px; text-align: center;\">\u20ac 305,-<\/td>\n      <td style=\"border: 1px solid #ddd; padding: 10px; text-align: center;\">\u20ac 42,-<\/td>\n    <\/tr>\n    <tr>\n      <td style=\"border: 1px solid #ddd; padding: 10px;\">Maison d\u2019h\u00f4tes H&amp;O+W (4 personnes)<\/td>\n      <td style=\"border: 1px solid #ddd; padding: 10px; text-align: center;\">\u20ac 465,-<\/td>\n      <td style=\"border: 1px solid #ddd; padding: 10px; text-align: center;\">\u20ac 42,-<\/td>\n    <\/tr>\n  <\/tbody>\n<\/table>\t\t\t\t\t\t\t\t<\/div>\n\t\t\t\t<\/div>\n\t\t\t\t<div class=\"elementor-element elementor-element-d2560e9 elementor-widget elementor-widget-heading\" data-id=\"d2560e9\" data-element_type=\"widget\" data-widget_type=\"heading.default\">\n\t\t\t\t<div class=\"elementor-widget-container\">\n\t\t\t\t\t<h2 class=\"elementor-heading-title elementor-size-default\">Maison d\u2019h\u00f4tes sans petit-d\u00e9jeuner<\/h2>\t\t\t\t<\/div>\n\t\t\t\t<\/div>\n\t\t\t\t<div class=\"elementor-element elementor-element-bcf1d37 elementor-widget__width-inherit elementor-widget elementor-widget-text-editor\" data-id=\"bcf1d37\" data-element_type=\"widget\" data-widget_type=\"text-editor.default\">\n\t\t\t\t<div class=\"elementor-widget-container\">\n\t\t\t\t\t\t\t\t\t<table style=\"width: 100%; border-collapse: collapse; font-family: Arial, sans-serif;\">\n  <thead>\n    <tr>\n      <th style=\"border: 1px solid #ddd; padding: 10px; text-align: left;\"><\/th>\n      <th style=\"border: 1px solid #ddd; padding: 10px; text-align: center;\">Prix<\/th>\n      <th style=\"border: 1px solid #ddd; padding: 10px; text-align: center;\">Personne suppl\u00e9mentaire<\/th>\n    <\/tr>\n  <\/thead>\n  <tbody>\n    <tr>\n      <td style=\"border: 1px solid #ddd; padding: 10px;\">Maison d\u2019h\u00f4tes H&amp;O (2 personnes)<\/td>\n      <td style=\"border: 1px solid #ddd; padding: 10px; text-align: center;\">\u20ac 280,-<\/td>\n      <td style=\"border: 1px solid #ddd; padding: 10px; text-align: center;\">\u20ac 32,-<\/td>\n    <\/tr>\n    <tr>\n      <td style=\"border: 1px solid #ddd; padding: 10px;\">Maison d\u2019h\u00f4tes H&amp;O+W (4 personnes)<\/td>\n      <td style=\"border: 1px solid #ddd; padding: 10px; text-align: center;\">\u20ac 425,-<\/td>\n      <td style=\"border: 1px solid #ddd; padding: 10px; text-align: center;\">\u20ac 32,-<\/td>\n    <\/tr>\n  <\/tbody>\n<\/table>\t\t\t\t\t\t\t\t<\/div>\n\t\t\t\t<\/div>\n\t\t\t\t<div class=\"elementor-element elementor-element-26ef024 elementor-widget elementor-widget-heading\" data-id=\"26ef024\" data-element_type=\"widget\" data-widget_type=\"heading.default\">\n\t\t\t\t<div class=\"elementor-widget-container\">\n\t\t\t\t\t<h2 class=\"elementor-heading-title elementor-size-default\">Espace bien-\u00eatre<\/h2>\t\t\t\t<\/div>\n\t\t\t\t<\/div>\n\t\t\t\t<div class=\"elementor-element elementor-element-2f35b68 elementor-widget__width-inherit elementor-widget elementor-widget-text-editor\" data-id=\"2f35b68\" data-element_type=\"widget\" data-widget_type=\"text-editor.default\">\n\t\t\t\t<div class=\"elementor-widget-container\">\n\t\t\t\t\t\t\t\t\t<p data-start=\"47\" data-end=\"136\">2 heures d\u2019utilisation de l\u2019espace bien-\u00eatre : 120 \u20ac, 15 \u20ac par heure suppl\u00e9mentaire<\/p><p data-start=\"138\" data-end=\"237\">Utilisation de l\u2019espace bien-\u00eatre l\u2019apr\u00e8s-midi (entre 13h00 et 18h00) : 120 \u20ac pour 4 heures<\/p>\t\t\t\t\t\t\t\t<\/div>\n\t\t\t\t<\/div>\n\t\t\t\t\t<\/div>\n\t\t\t\t<\/div>\n\t\t\t\t<\/div>\n\t\t","protected":false},"excerpt":{"rendered":"<p>Tarifs B&amp;B Oase Votre oasis de tranquillit\u00e9 au c\u0153ur de la nature. Facebook Tarifs Chambres 2026 2 personnes 1 personne Personne suppl\u00e9mentaire Chambre H \u20ac 155,- \u20ac 135,- \u20ac 20,- Chambre W \u20ac 165,- \u20ac 145,- &#8211; Chambre O+ \u20ac 195,- \u20ac 175,- &#8211; Maison d\u2019h\u00f4tes avec petit-d\u00e9jeuner Prix Personne suppl\u00e9mentaire Maison d\u2019h\u00f4tes H&amp;O (2 [&hellip;]<\/p>\n","protected":false},"author":4,"featured_media":0,"parent":0,"menu_order":0,"comment_status":"closed","ping_status":"closed","template":"","meta":{"footnotes":""},"class_list":["post-1285","page","type-page","status-publish","hentry"],"yoast_head":"<!-- This site is optimized with the Yoast SEO plugin v26.2 - https:\/\/yoast.com\/wordpress\/plugins\/seo\/ -->\n<title>Tarifs - B&amp;B Oase<\/title>\n<meta name=\"robots\" content=\"index, follow, max-snippet:-1, max-image-preview:large, max-video-preview:-1\" \/>\n<link rel=\"canonical\" href=\"https:\/\/benboase.be\/fr\/prijzen\/\" \/>\n<meta property=\"og:locale\" content=\"fr_FR\" \/>\n<meta property=\"og:type\" content=\"article\" \/>\n<meta property=\"og:title\" content=\"Tarifs - B&amp;B Oase\" \/>\n<meta property=\"og:description\" content=\"Tarifs B&amp;B Oase Votre oasis de tranquillit\u00e9 au c\u0153ur de la nature. Facebook Tarifs Chambres 2026 2 personnes 1 personne Personne suppl\u00e9mentaire Chambre H \u20ac 155,- \u20ac 135,- \u20ac 20,- Chambre W \u20ac 165,- \u20ac 145,- &#8211; Chambre O+ \u20ac 195,- \u20ac 175,- &#8211; Maison d\u2019h\u00f4tes avec petit-d\u00e9jeuner Prix Personne suppl\u00e9mentaire Maison d\u2019h\u00f4tes H&amp;O (2 [&hellip;]\" \/>\n<meta property=\"og:url\" content=\"https:\/\/benboase.be\/fr\/prijzen\/\" \/>\n<meta property=\"og:site_name\" content=\"B&amp;B Oase\" \/>\n<meta property=\"article:modified_time\" content=\"2026-03-04T17:20:57+00:00\" \/>\n<meta name=\"twitter:card\" content=\"summary_large_image\" \/>\n<meta name=\"twitter:label1\" content=\"Dur\u00e9e de lecture estim\u00e9e\" \/>\n\t<meta name=\"twitter:data1\" content=\"1 minute\" \/>\n<script type=\"application\/ld+json\" class=\"yoast-schema-graph\">{\"@context\":\"https:\/\/schema.org\",\"@graph\":[{\"@type\":\"WebPage\",\"@id\":\"https:\/\/benboase.be\/fr\/prijzen\/\",\"url\":\"https:\/\/benboase.be\/fr\/prijzen\/\",\"name\":\"Tarifs - B&amp;B Oase\",\"isPartOf\":{\"@id\":\"https:\/\/benboase.be\/fr\/#website\"},\"datePublished\":\"2026-03-04T16:38:21+00:00\",\"dateModified\":\"2026-03-04T17:20:57+00:00\",\"breadcrumb\":{\"@id\":\"https:\/\/benboase.be\/fr\/prijzen\/#breadcrumb\"},\"inLanguage\":\"fr-FR\",\"potentialAction\":[{\"@type\":\"ReadAction\",\"target\":[\"https:\/\/benboase.be\/fr\/prijzen\/\"]}]},{\"@type\":\"BreadcrumbList\",\"@id\":\"https:\/\/benboase.be\/fr\/prijzen\/#breadcrumb\",\"itemListElement\":[{\"@type\":\"ListItem\",\"position\":1,\"name\":\"Accueil\",\"item\":\"https:\/\/benboase.be\/fr\/accueil\/\"},{\"@type\":\"ListItem\",\"position\":2,\"name\":\"Tarifs\"}]},{\"@type\":\"WebSite\",\"@id\":\"https:\/\/benboase.be\/fr\/#website\",\"url\":\"https:\/\/benboase.be\/fr\/\",\"name\":\"B&amp;B Oase\",\"description\":\"\",\"potentialAction\":[{\"@type\":\"SearchAction\",\"target\":{\"@type\":\"EntryPoint\",\"urlTemplate\":\"https:\/\/benboase.be\/fr\/?s={search_term_string}\"},\"query-input\":{\"@type\":\"PropertyValueSpecification\",\"valueRequired\":true,\"valueName\":\"search_term_string\"}}],\"inLanguage\":\"fr-FR\"}]}<\/script>\n<!-- \/ Yoast SEO plugin. -->","yoast_head_json":{"title":"Tarifs - B&amp;B Oase","robots":{"index":"index","follow":"follow","max-snippet":"max-snippet:-1","max-image-preview":"max-image-preview:large","max-video-preview":"max-video-preview:-1"},"canonical":"https:\/\/benboase.be\/fr\/prijzen\/","og_locale":"fr_FR","og_type":"article","og_title":"Tarifs - B&amp;B Oase","og_description":"Tarifs B&amp;B Oase Votre oasis de tranquillit\u00e9 au c\u0153ur de la nature. Facebook Tarifs Chambres 2026 2 personnes 1 personne Personne suppl\u00e9mentaire Chambre H \u20ac 155,- \u20ac 135,- \u20ac 20,- Chambre W \u20ac 165,- \u20ac 145,- &#8211; Chambre O+ \u20ac 195,- \u20ac 175,- &#8211; Maison d\u2019h\u00f4tes avec petit-d\u00e9jeuner Prix Personne suppl\u00e9mentaire Maison d\u2019h\u00f4tes H&amp;O (2 [&hellip;]","og_url":"https:\/\/benboase.be\/fr\/prijzen\/","og_site_name":"B&amp;B Oase","article_modified_time":"2026-03-04T17:20:57+00:00","twitter_card":"summary_large_image","twitter_misc":{"Dur\u00e9e de lecture estim\u00e9e":"1 minute"},"schema":{"@context":"https:\/\/schema.org","@graph":[{"@type":"WebPage","@id":"https:\/\/benboase.be\/fr\/prijzen\/","url":"https:\/\/benboase.be\/fr\/prijzen\/","name":"Tarifs - B&amp;B Oase","isPartOf":{"@id":"https:\/\/benboase.be\/fr\/#website"},"datePublished":"2026-03-04T16:38:21+00:00","dateModified":"2026-03-04T17:20:57+00:00","breadcrumb":{"@id":"https:\/\/benboase.be\/fr\/prijzen\/#breadcrumb"},"inLanguage":"fr-FR","potentialAction":[{"@type":"ReadAction","target":["https:\/\/benboase.be\/fr\/prijzen\/"]}]},{"@type":"BreadcrumbList","@id":"https:\/\/benboase.be\/fr\/prijzen\/#breadcrumb","itemListElement":[{"@type":"ListItem","position":1,"name":"Accueil","item":"https:\/\/benboase.be\/fr\/accueil\/"},{"@type":"ListItem","position":2,"name":"Tarifs"}]},{"@type":"WebSite","@id":"https:\/\/benboase.be\/fr\/#website","url":"https:\/\/benboase.be\/fr\/","name":"B&amp;B Oase","description":"","potentialAction":[{"@type":"SearchAction","target":{"@type":"EntryPoint","urlTemplate":"https:\/\/benboase.be\/fr\/?s={search_term_string}"},"query-input":{"@type":"PropertyValueSpecification","valueRequired":true,"valueName":"search_term_string"}}],"inLanguage":"fr-FR"}]}},"_links":{"self":[{"href":"https:\/\/benboase.be\/fr\/wp-json\/wp\/v2\/pages\/1285","targetHints":{"allow":["GET"]}}],"collection":[{"href":"https:\/\/benboase.be\/fr\/wp-json\/wp\/v2\/pages"}],"about":[{"href":"https:\/\/benboase.be\/fr\/wp-json\/wp\/v2\/types\/page"}],"author":[{"embeddable":true,"href":"https:\/\/benboase.be\/fr\/wp-json\/wp\/v2\/users\/4"}],"replies":[{"embeddable":true,"href":"https:\/\/benboase.be\/fr\/wp-json\/wp\/v2\/comments?post=1285"}],"version-history":[{"count":4,"href":"https:\/\/benboase.be\/fr\/wp-json\/wp\/v2\/pages\/1285\/revisions"}],"predecessor-version":[{"id":1296,"href":"https:\/\/benboase.be\/fr\/wp-json\/wp\/v2\/pages\/1285\/revisions\/1296"}],"wp:attachment":[{"href":"https:\/\/benboase.be\/fr\/wp-json\/wp\/v2\/media?parent=1285"}],"curies":[{"name":"wp","href":"https:\/\/api.w.org\/{rel}","templated":true}]}}